{"id":951,"date":"2021-02-01T14:09:31","date_gmt":"2021-02-01T14:09:31","guid":{"rendered":"https:\/\/avadawebsites.wpengine.com\/mechanic\/?page_id=951"},"modified":"2025-10-13T15:08:03","modified_gmt":"2025-10-13T15:08:03","slug":"preguntes-frequents","status":"publish","type":"page","link":"https:\/\/autogarrigues.com\/index.php\/preguntes-frequents\/","title":{"rendered":"Preguntes Freq\u00fcents"},"content":{"rendered":"<div class=\"fusion-fullwidth fullwidth-box fusion-builder-row-1 fusion-flex-container nonhundred-percent-fullwidth non-hundred-percent-height-scrolling\" style=\"--awb-background-position:left top;--awb-background-blend-mode:screen;--awb-border-radius-top-left:0px;--awb-border-radius-top-right:0px;--awb-border-radius-bottom-right:0px;--awb-border-radius-bottom-left:0px;--awb-padding-top:115px;--awb-padding-bottom:115px;--awb-padding-top-small:10vw;--awb-padding-right-small:10vw;--awb-padding-bottom-small:10vw;--awb-padding-left-small:10vw;--awb-background-color:var(--awb-color2);--awb-flex-wrap:wrap;\" ><div class=\"fusion-builder-row fusion-row fusion-flex-align-items-stretch fusion-flex-justify-content-center fusion-flex-content-wrap\" style=\"max-width:calc( 1370px + 95px );margin-left: calc(-95px \/ 2 );margin-right: calc(-95px \/ 2 );\"><div class=\"fusion-layout-column fusion_builder_column fusion-builder-column-0 fusion_builder_column_1_2 1_2 fusion-flex-column\" style=\"--awb-padding-top-small:0px;--awb-padding-bottom-small:0px;--awb-bg-size:cover;--awb-width-large:50%;--awb-margin-top-large:0px;--awb-spacing-right-large:47.5px;--awb-margin-bottom-large:0px;--awb-spacing-left-large:47.5px;--awb-width-medium:50%;--awb-order-medium:0;--awb-spacing-right-medium:47.5px;--awb-spacing-left-medium:47.5px;--awb-width-small:100%;--awb-order-small:1;--awb-spacing-right-small:47.5px;--awb-spacing-left-small:47.5px;\"><div class=\"fusion-column-wrapper fusion-column-has-shadow fusion-flex-justify-content-flex-start fusion-content-layout-column\"><div class=\"fusion-title title fusion-title-1 fusion-no-medium-visibility fusion-no-large-visibility fusion-sep-none fusion-title-center fusion-title-highlight fusion-animate-once fusion-highlight-underline fusion-title-size-one\" style=\"--awb-highlight-color:var(--awb-color4);--awb-margin-bottom:30px;--awb-font-size:40px;\" data-highlight=\"underline\"><h1 class=\"fusion-title-heading title-heading-center\" style=\"margin:0;font-size:1em;\"><span class=\"fusion-highlighted-text-prefix\">Preguntes<\/span> <span class=\"fusion-highlighted-text-wrapper\"><span class=\"fusion-highlighted-text\"> freq\u00fcents.<\/span><svg xmlns=\"http:\/\/www.w3.org\/2000\/svg\" viewBox=\"0 0 500 150\" preserveAspectRatio=\"none\"><path d=\"M8.1,146.2c0,0,240.6-55.6,479-13.8\"><\/path><\/svg><\/span> <span class=\"fusion-highlighted-text-postfix\"><\/span><\/h1><\/div><div class=\"fusion-title title fusion-title-2 fusion-no-small-visibility fusion-sep-none fusion-title-center fusion-title-highlight fusion-animate-once fusion-highlight-underline fusion-title-size-one\" style=\"--awb-highlight-color:var(--awb-color4);--awb-margin-bottom:30px;\" data-highlight=\"underline\"><h1 class=\"fusion-title-heading title-heading-center\" style=\"margin:0;\"><span class=\"fusion-highlighted-text-prefix\">Preguntes<\/span> <span class=\"fusion-highlighted-text-wrapper\"><span class=\"fusion-highlighted-text\">freq\u00fcents.<\/span><svg xmlns=\"http:\/\/www.w3.org\/2000\/svg\" viewBox=\"0 0 500 150\" preserveAspectRatio=\"none\"><path d=\"M8.1,146.2c0,0,240.6-55.6,479-13.8\"><\/path><\/svg><\/span> <span class=\"fusion-highlighted-text-postfix\"><\/span><\/h1><\/div><div class=\"fusion-text fusion-text-1\" style=\"--awb-content-alignment:center;\"><p style=\"margin: 0 auto; width: 80%;\">Aqu\u00ed li responem algunes de les preguntes que ens solen fer els nostres clients.<\/p>\n<\/div><div class=\"fusion-separator fusion-full-width-sep\" style=\"align-self: center;margin-left: auto;margin-right: auto;margin-bottom:60px;width:100%;\"><\/div><style type=\"text\/css\">#accordian-1 .fusion-panel:hover,#accordian-1 .fusion-panel.hover{ background-color: var(--awb-color1) } #accordian-1 .fusion-panel { border-color:var(--awb-color1); border-width:13px; background-color:var(--awb-color1); }.fusion-accordian #accordian-1 .panel-title a .fa-fusion-box:before{ font-size: 16px;width: 16px;}.fusion-accordian #accordian-1 .panel-title a .fa-fusion-box{ color: var(--awb-color1);}.fusion-accordian  #accordian-1 .panel-title a{font-family:var(--awb-typography1-font-family);font-weight:var(--awb-typography1-font-weight);font-style:var(--awb-typography1-font-style);}.fusion-accordian  #accordian-1 .panel-title a:not(:hover){}.fusion-accordian  #accordian-1 .toggle-content{font-family:var(--awb-typography4-font-family);font-weight:var(--awb-typography4-font-weight);font-style:var(--awb-typography4-font-style);}.fusion-accordian #accordian-1 .fa-fusion-box { background-color: var(--awb-color5) !important;border-color: var(--awb-color5) !important;}.fusion-accordian #accordian-1 .panel-title a:hover,.fusion-accordian #accordian-1 .panel-title a.hover { color: var(--awb-color5);}.fusion-faq-shortcode .fusion-accordian #accordian-1 .fusion-toggle-boxed-mode:hover .panel-title a { color: var(--awb-color5);}.fusion-accordian #accordian-1 .panel-title .active .fa-fusion-box,.fusion-accordian #accordian-1 .panel-title a:hover .fa-fusion-box,.fusion-accordian #accordian-1 .panel-title a.hover .fa-fusion-box { background-color: var(--awb-color5)!important;border-color: var(--awb-color5)!important;}<\/style><div class=\"fusion-faq-shortcode\" style=\"\"><div class=\"fusion-faqs-wrapper\"><div class=\"accordian fusion-accordian\"><div class=\"panel-group \" id=\"accordian-1\"><div class=\"fusion-panel fusion-toggle-no-divider fusion-toggle-boxed-mode panel-default fusion-faq-post fusion-faq-post-1749 \"><span class=\"entry-title rich-snippet-hidden\">\u00bfDan de baja motos o veh\u00edculos industriales?<\/span><span class=\"vcard rich-snippet-hidden\"><span class=\"fn\"><a href=\"https:\/\/autogarrigues.com\/index.php\/author\/fs_0ptcnujj\/\" title=\"Entradas de admin\" rel=\"author\">admin<\/a><\/span><\/span><span class=\"updated rich-snippet-hidden\">2025-10-14T14:32:31+00:00<\/span><div class=\"panel-heading\"><h4 id=\"faq_1-1749\" class=\"panel-title toggle\"><a data-toggle=\"collapse\" class=\"collapsed\" data-parent=\"#accordian-1\" data-target=\"#collapse-1-1749\" href=\"#collapse-1-1749\" aria-expanded=\"false\"><div class=\"fusion-toggle-icon-wrapper\"><div class=\"fusion-toggle-icon-wrapper-main\"><div class=\"fusion-toggle-icon-wrapper-sub\"><i class=\"fa-fusion-box active-icon awb-icon-minus\" aria-hidden=\"true\"><\/i><i class=\"fa-fusion-box inactive-icon awb-icon-plus\" aria-hidden=\"true\"><\/i><\/div><\/div><\/div><div class=\"fusion-toggle-heading\">\u00bfDan de baja motos o veh\u00edculos industriales?<\/div><\/a><\/h4><\/div><div id=\"collapse-1-1749\" aria-labelledby=\"faq_1-1749\" class=\"panel-collapse collapse\"><div class=\"panel-body toggle-content post-content\"><p>Nom\u00e9s donem de baixa cotxes, ni motos ni vehicles industrials ni agr\u00edcoles.<\/p>\n<\/div><\/div><\/div><div class=\"fusion-panel fusion-toggle-no-divider fusion-toggle-boxed-mode panel-default fusion-faq-post fusion-faq-post-1746 \"><span class=\"entry-title rich-snippet-hidden\">\u00bfMe pueden enviar un repuesto a mi domicilio o mi casa?<\/span><span class=\"vcard rich-snippet-hidden\"><span class=\"fn\"><a href=\"https:\/\/autogarrigues.com\/index.php\/author\/fs_0ptcnujj\/\" title=\"Entradas de admin\" rel=\"author\">admin<\/a><\/span><\/span><span class=\"updated rich-snippet-hidden\">2025-10-14T14:30:11+00:00<\/span><div class=\"panel-heading\"><h4 id=\"faq_1-1746\" class=\"panel-title toggle\"><a data-toggle=\"collapse\" class=\"collapsed\" data-parent=\"#accordian-1\" data-target=\"#collapse-1-1746\" href=\"#collapse-1-1746\" aria-expanded=\"false\"><div class=\"fusion-toggle-icon-wrapper\"><div class=\"fusion-toggle-icon-wrapper-main\"><div class=\"fusion-toggle-icon-wrapper-sub\"><i class=\"fa-fusion-box active-icon awb-icon-minus\" aria-hidden=\"true\"><\/i><i class=\"fa-fusion-box inactive-icon awb-icon-plus\" aria-hidden=\"true\"><\/i><\/div><\/div><\/div><div class=\"fusion-toggle-heading\">\u00bfMe pueden enviar un repuesto a mi domicilio o mi casa?<\/div><\/a><\/h4><\/div><div id=\"collapse-1-1746\" aria-labelledby=\"faq_1-1746\" class=\"panel-collapse collapse\"><div class=\"panel-body toggle-content post-content\"><p>Normalmente s\u00f3lo repartimos talleres de las provincias de L\u00e9rida, Tarragona, Gerona, Barcelona y parte de Arag\u00f3n. A particulares y talleres m\u00e1s lejanos se les aplica un cargo por coste de env\u00edo.<\/p>\n<\/div><\/div><\/div><div class=\"fusion-panel fusion-toggle-no-divider fusion-toggle-boxed-mode panel-default fusion-faq-post fusion-faq-post-1742 \"><span class=\"entry-title rich-snippet-hidden\">\u00bfC\u00f3mo valoramos su veh\u00edculo?<\/span><span class=\"vcard rich-snippet-hidden\"><span class=\"fn\"><a href=\"https:\/\/autogarrigues.com\/index.php\/author\/fs_0ptcnujj\/\" title=\"Entradas de admin\" rel=\"author\">admin<\/a><\/span><\/span><span class=\"updated rich-snippet-hidden\">2025-10-14T14:28:34+00:00<\/span><div class=\"panel-heading\"><h4 id=\"faq_1-1742\" class=\"panel-title toggle\"><a data-toggle=\"collapse\" class=\"collapsed\" data-parent=\"#accordian-1\" data-target=\"#collapse-1-1742\" href=\"#collapse-1-1742\" aria-expanded=\"false\"><div class=\"fusion-toggle-icon-wrapper\"><div class=\"fusion-toggle-icon-wrapper-main\"><div class=\"fusion-toggle-icon-wrapper-sub\"><i class=\"fa-fusion-box active-icon awb-icon-minus\" aria-hidden=\"true\"><\/i><i class=\"fa-fusion-box inactive-icon awb-icon-plus\" aria-hidden=\"true\"><\/i><\/div><\/div><\/div><div class=\"fusion-toggle-heading\">\u00bfC\u00f3mo valoramos su veh\u00edculo?<\/div><\/a><\/h4><\/div><div id=\"collapse-1-1742\" aria-labelledby=\"faq_1-1742\" class=\"panel-collapse collapse\"><div class=\"panel-body toggle-content post-content\"><p>Tenemos nuestros comerciales que pueden pasar a verlo y comprobar su estado para realizar una tasaci\u00f3n. O mediante fotos y toda la informaci\u00f3n a trav\u00e9s de correo o whatsapp le haremos una valoraci\u00f3n de su veh\u00edculo.<\/p>\n<\/div><\/div><\/div><div class=\"fusion-panel fusion-toggle-no-divider fusion-toggle-boxed-mode panel-default fusion-faq-post fusion-faq-post-963 \"><span class=\"entry-title rich-snippet-hidden\">Com valorem el seu vehicle?<\/span><span class=\"vcard rich-snippet-hidden\"><span class=\"fn\"><a href=\"https:\/\/autogarrigues.com\/index.php\/author\/fs_0ptcnujj\/\" title=\"Entradas de admin\" rel=\"author\">admin<\/a><\/span><\/span><span class=\"updated rich-snippet-hidden\">2025-05-23T11:49:54+00:00<\/span><div class=\"panel-heading\"><h4 id=\"faq_1-963\" class=\"panel-title toggle\"><a data-toggle=\"collapse\" class=\"collapsed\" data-parent=\"#accordian-1\" data-target=\"#collapse-1-963\" href=\"#collapse-1-963\" aria-expanded=\"false\"><div class=\"fusion-toggle-icon-wrapper\"><div class=\"fusion-toggle-icon-wrapper-main\"><div class=\"fusion-toggle-icon-wrapper-sub\"><i class=\"fa-fusion-box active-icon awb-icon-minus\" aria-hidden=\"true\"><\/i><i class=\"fa-fusion-box inactive-icon awb-icon-plus\" aria-hidden=\"true\"><\/i><\/div><\/div><\/div><div class=\"fusion-toggle-heading\">Com valorem el seu vehicle?<\/div><\/a><\/h4><\/div><div id=\"collapse-1-963\" aria-labelledby=\"faq_1-963\" class=\"panel-collapse collapse\"><div class=\"panel-body toggle-content post-content\"><p>Tenim els nostres comercials que poden passar a veure&#8217;l i comprovar el seu estat per fer una taxaci\u00f3. O mitjan\u00e7ant fotos i tota la informaci\u00f3 a trav\u00e9s de correu o whatsapp us farem una valoraci\u00f3 del vostre vehicle.<\/p>\n<\/div><\/div><\/div><div class=\"fusion-panel fusion-toggle-no-divider fusion-toggle-boxed-mode panel-default fusion-faq-post fusion-faq-post-961 \"><span class=\"entry-title rich-snippet-hidden\">Em poden enviar un recanvi al meu domicili o casa meva?<\/span><span class=\"vcard rich-snippet-hidden\"><span class=\"fn\"><a href=\"https:\/\/autogarrigues.com\/index.php\/author\/fs_0ptcnujj\/\" title=\"Entradas de admin\" rel=\"author\">admin<\/a><\/span><\/span><span class=\"updated rich-snippet-hidden\">2025-05-23T11:52:36+00:00<\/span><div class=\"panel-heading\"><h4 id=\"faq_1-961\" class=\"panel-title toggle\"><a data-toggle=\"collapse\" class=\"collapsed\" data-parent=\"#accordian-1\" data-target=\"#collapse-1-961\" href=\"#collapse-1-961\" aria-expanded=\"false\"><div class=\"fusion-toggle-icon-wrapper\"><div class=\"fusion-toggle-icon-wrapper-main\"><div class=\"fusion-toggle-icon-wrapper-sub\"><i class=\"fa-fusion-box active-icon awb-icon-minus\" aria-hidden=\"true\"><\/i><i class=\"fa-fusion-box inactive-icon awb-icon-plus\" aria-hidden=\"true\"><\/i><\/div><\/div><\/div><div class=\"fusion-toggle-heading\">Em poden enviar un recanvi al meu domicili o casa meva?<\/div><\/a><\/h4><\/div><div id=\"collapse-1-961\" aria-labelledby=\"faq_1-961\" class=\"panel-collapse collapse\"><div class=\"panel-body toggle-content post-content\"><p>Normalment nom\u00e9s repartim tallers de les prov\u00edncies de Lleida, Tarragona, Girona, Barcelona i part d&#8217;Arag\u00f3. A particulars i tallers m\u00e9s llunyans se&#8217;ls aplica un c\u00e0rrec per cost d&#8217;enviament.<\/p>\n<\/div><\/div><\/div><div class=\"fusion-panel fusion-toggle-no-divider fusion-toggle-boxed-mode panel-default fusion-faq-post fusion-faq-post-163 \"><span class=\"entry-title rich-snippet-hidden\">Donen de baixa motos o vehicles industrials?<\/span><span class=\"vcard rich-snippet-hidden\"><span class=\"fn\"><a href=\"https:\/\/autogarrigues.com\/index.php\/author\/fs_0ptcnujj\/\" title=\"Entradas de admin\" rel=\"author\">admin<\/a><\/span><\/span><span class=\"updated rich-snippet-hidden\">2025-05-23T11:53:46+00:00<\/span><div class=\"panel-heading\"><h4 id=\"faq_1-163\" class=\"panel-title toggle\"><a data-toggle=\"collapse\" class=\"collapsed\" data-parent=\"#accordian-1\" data-target=\"#collapse-1-163\" href=\"#collapse-1-163\" aria-expanded=\"false\"><div class=\"fusion-toggle-icon-wrapper\"><div class=\"fusion-toggle-icon-wrapper-main\"><div class=\"fusion-toggle-icon-wrapper-sub\"><i class=\"fa-fusion-box active-icon awb-icon-minus\" aria-hidden=\"true\"><\/i><i class=\"fa-fusion-box inactive-icon awb-icon-plus\" aria-hidden=\"true\"><\/i><\/div><\/div><\/div><div class=\"fusion-toggle-heading\">Donen de baixa motos o vehicles industrials?<\/div><\/a><\/h4><\/div><div id=\"collapse-1-163\" aria-labelledby=\"faq_1-163\" class=\"panel-collapse collapse\"><div class=\"panel-body toggle-content post-content\"><p>Nom\u00e9s donem de baixa cotxes, ni motos ni vehicles industrials ni agr\u00edcoles.<\/p>\n<\/div><\/div><\/div><\/div><\/div><\/div><\/div><\/div><\/div><div class=\"fusion-layout-column fusion_builder_column fusion-builder-column-1 fusion_builder_column_1_2 1_2 fusion-flex-column\" style=\"--awb-bg-size:cover;--awb-width-large:50%;--awb-margin-top-large:0px;--awb-spacing-right-large:47.5px;--awb-margin-bottom-large:0px;--awb-spacing-left-large:47.5px;--awb-width-medium:50%;--awb-order-medium:0;--awb-spacing-right-medium:47.5px;--awb-spacing-left-medium:47.5px;--awb-width-small:100%;--awb-order-small:0;--awb-spacing-right-small:47.5px;--awb-margin-bottom-small:61px;--awb-spacing-left-small:47.5px;\"><div class=\"fusion-column-wrapper fusion-column-has-shadow fusion-flex-justify-content-flex-start fusion-content-layout-column\"><div class=\"fusion-image-element \" style=\"--awb-caption-title-font-family:var(--h2_typography-font-family);--awb-caption-title-font-weight:var(--h2_typography-font-weight);--awb-caption-title-font-style:var(--h2_typography-font-style);--awb-caption-title-size:var(--h2_typography-font-size);--awb-caption-title-transform:var(--h2_typography-text-transform);--awb-caption-title-line-height:var(--h2_typography-line-height);--awb-caption-title-letter-spacing:var(--h2_typography-letter-spacing);\"><span class=\" fusion-imageframe imageframe-none imageframe-1 hover-type-none\" style=\"border-radius:8px;\"><img decoding=\"async\" width=\"720\" height=\"1054\" title=\"3d small people &#8211; complicated question\" src=\"data:image\/svg+xml,%3Csvg%20xmlns%3D%27http%3A%2F%2Fwww.w3.org%2F2000%2Fsvg%27%20width%3D%27720%27%20height%3D%271054%27%20viewBox%3D%270%200%20720%201054%27%3E%3Crect%20width%3D%27720%27%20height%3D%271054%27%20fill-opacity%3D%220%22%2F%3E%3C%2Fsvg%3E\" data-orig-src=\"https:\/\/autogarrigues.com\/wp-content\/uploads\/2025\/06\/bigstock-D-Small-People-Complicated-18312878-e1750694081166.jpg\" alt class=\"lazyload img-responsive wp-image-1514\"\/><\/span><\/div><\/div><\/div><\/div><\/div>\n","protected":false},"excerpt":{"rendered":"","protected":false},"author":1,"featured_media":0,"parent":0,"menu_order":0,"comment_status":"closed","ping_status":"closed","template":"100-width.php","meta":{"footnotes":""},"class_list":["post-951","page","type-page","status-publish","hentry"],"_links":{"self":[{"href":"https:\/\/autogarrigues.com\/index.php\/wp-json\/wp\/v2\/pages\/951","targetHints":{"allow":["GET"]}}],"collection":[{"href":"https:\/\/autogarrigues.com\/index.php\/wp-json\/wp\/v2\/pages"}],"about":[{"href":"https:\/\/autogarrigues.com\/index.php\/wp-json\/wp\/v2\/types\/page"}],"author":[{"embeddable":true,"href":"https:\/\/autogarrigues.com\/index.php\/wp-json\/wp\/v2\/users\/1"}],"replies":[{"embeddable":true,"href":"https:\/\/autogarrigues.com\/index.php\/wp-json\/wp\/v2\/comments?post=951"}],"version-history":[{"count":9,"href":"https:\/\/autogarrigues.com\/index.php\/wp-json\/wp\/v2\/pages\/951\/revisions"}],"predecessor-version":[{"id":1652,"href":"https:\/\/autogarrigues.com\/index.php\/wp-json\/wp\/v2\/pages\/951\/revisions\/1652"}],"wp:attachment":[{"href":"https:\/\/autogarrigues.com\/index.php\/wp-json\/wp\/v2\/media?parent=951"}],"curies":[{"name":"wp","href":"https:\/\/api.w.org\/{rel}","templated":true}]}}