{"id":39,"date":"2021-01-20T19:01:16","date_gmt":"2021-01-20T19:01:16","guid":{"rendered":"https:\/\/avadawebsites.wpengine.com\/mechanic\/?page_id=39"},"modified":"2025-10-13T15:44:06","modified_gmt":"2025-10-13T15:44:06","slug":"sobre-nosaltres","status":"publish","type":"page","link":"https:\/\/autogarrigues.com\/index.php\/sobre-nosaltres\/","title":{"rendered":"Sobre nosaltres"},"content":{"rendered":"<p><div class=\"fusion-fullwidth fullwidth-box fusion-builder-row-1 fusion-flex-container hundred-percent-fullwidth non-hundred-percent-height-scrolling\" style=\"--awb-border-radius-top-left:0px;--awb-border-radius-top-right:0px;--awb-border-radius-bottom-right:0px;--awb-border-radius-bottom-left:0px;--awb-padding-right-medium:0px;--awb-padding-left-medium:0px;--awb-margin-bottom:115px;--awb-margin-bottom-medium:55px;--awb-flex-wrap:wrap;\" ><div class=\"fusion-builder-row fusion-row fusion-flex-align-items-stretch fusion-flex-content-wrap\" style=\"width:calc( 100% + 0px ) !important;max-width:calc( 100% + 0px ) !important;margin-left: calc(-0px \/ 2 );margin-right: calc(-0px \/ 2 );\"><div class=\"fusion-layout-column fusion_builder_column fusion-builder-column-0 fusion_builder_column_1_1 1_1 fusion-flex-column\" style=\"--awb-padding-top:11vw;--awb-padding-right:26vw;--awb-padding-bottom:7vw;--awb-padding-left:7vw;--awb-overflow:hidden;--awb-bg-color:var(--awb-color5);--awb-bg-color-hover:var(--awb-color5);--awb-bg-image:linear-gradient(185deg, hsla(var(--awb-color7-h),var(--awb-color7-s),var(--awb-color7-l),calc( var(--awb-color7-a) - 80% )) 0%,hsla(var(--awb-color7-h),var(--awb-color7-s),var(--awb-color7-l),calc(var(--awb-color7-a) - 60%)) 100%);;--awb-bg-position:center center;--awb-bg-size:cover;--awb-border-radius:8px 8px 8px 8px;--awb-width-large:100%;--awb-margin-top-large:0px;--awb-spacing-right-large:0px;--awb-margin-bottom-large:0px;--awb-spacing-left-large:0px;--awb-width-medium:100%;--awb-order-medium:0;--awb-spacing-right-medium:0px;--awb-spacing-left-medium:0px;--awb-width-small:100%;--awb-order-small:0;--awb-spacing-right-small:0px;--awb-spacing-left-small:0px;\" data-scroll-devices=\"small-visibility,medium-visibility,large-visibility\"><div class=\"fusion-column-wrapper lazyload fusion-column-has-shadow fusion-flex-justify-content-flex-start fusion-content-layout-row fusion-column-has-bg-image\" data-bg-url=\"https:\/\/autogarrigues.com\/wp-content\/uploads\/2025\/10\/BancdeTreball.jpg\" data-bg=\"https:\/\/autogarrigues.com\/wp-content\/uploads\/2025\/10\/BancdeTreball.jpg\" data-bg-gradient=\"linear-gradient(185deg, hsla(var(--awb-color7-h),var(--awb-color7-s),var(--awb-color7-l),calc( var(--awb-color7-a) - 80% )) 0%,hsla(var(--awb-color7-h),var(--awb-color7-s),var(--awb-color7-l),calc(var(--awb-color7-a) - 60%)) 100%)\"><div class=\"fusion-text fusion-text-1\" style=\"--awb-font-size:19px;--awb-text-color:var(--awb-color4);\"><p>Benvingut a desballestaments Auto Garrigues<\/p>\n<\/div><div class=\"fusion-title title fusion-title-1 fusion-no-medium-visibility fusion-no-large-visibility fusion-sep-none fusion-title-text fusion-title-size-one\" style=\"--awb-text-color:var(--awb-color1);--awb-margin-bottom:50px;--awb-margin-bottom-small:40px;--awb-font-size:26px;\"><h1 class=\"fusion-title-heading title-heading-left\" style=\"margin:0;font-size:1em;line-height:1.3em;\">Gran experi\u00e8ncia en desballestaments a Lleida.<\/h1><\/div><div class=\"fusion-title title fusion-title-2 fusion-no-small-visibility fusion-sep-none fusion-title-text fusion-title-size-one\" style=\"--awb-text-color:var(--awb-color1);--awb-margin-bottom:50px;--awb-margin-bottom-small:40px;--awb-font-size:62px;\"><h1 class=\"fusion-title-heading title-heading-left\" style=\"margin:0;font-size:1em;line-height:1.3em;\">Gran experi\u00e8ncia en desballestaments a Lleida.<\/h1><\/div><div class=\"fusion-separator fusion-no-medium-visibility fusion-no-large-visibility fusion-full-width-sep\" style=\"align-self: center;margin-left: auto;margin-right: auto;margin-bottom:30px;width:100%;\"><\/div><\/div><\/div><\/div><\/div><div class=\"fusion-fullwidth fullwidth-box fusion-builder-row-2 fusion-flex-container has-pattern-background has-mask-background nonhundred-percent-fullwidth non-hundred-percent-height-scrolling\" style=\"--awb-border-radius-top-left:0px;--awb-border-radius-top-right:0px;--awb-border-radius-bottom-right:0px;--awb-border-radius-bottom-left:0px;--awb-flex-wrap:wrap;\" ><div class=\"fusion-builder-row fusion-row fusion-flex-align-items-flex-start fusion-flex-content-wrap\" style=\"max-width:1424.8px;margin-left: calc(-4% \/ 2 );margin-right: calc(-4% \/ 2 );\"><div class=\"fusion-layout-column fusion_builder_column fusion-builder-column-1 fusion_builder_column_1_2 1_2 fusion-flex-column\" style=\"--awb-bg-size:cover;--awb-width-large:50%;--awb-margin-top-large:0px;--awb-spacing-right-large:3.84%;--awb-margin-bottom-large:20px;--awb-spacing-left-large:3.84%;--awb-width-medium:50%;--awb-order-medium:0;--awb-spacing-right-medium:3.84%;--awb-spacing-left-medium:3.84%;--awb-width-small:100%;--awb-order-small:0;--awb-spacing-right-small:1.92%;--awb-spacing-left-small:1.92%;\"><div class=\"fusion-column-wrapper fusion-column-has-shadow fusion-flex-justify-content-flex-start fusion-content-layout-column\"><div class=\"fusion-title title fusion-title-3 fusion-no-small-visibility fusion-no-medium-visibility fusion-sep-none fusion-title-text fusion-title-size-two\" style=\"--awb-font-size:40px;\"><h2 class=\"fusion-title-heading title-heading-left\" style=\"margin:0;font-size:1em;line-height:1.3em;\">A Auto-Garrigues<\/h2><\/div><div class=\"fusion-text fusion-text-2\" style=\"--awb-font-size:19px;\"><p>Som gestors de residus autoritzats amb codi E-911.05 i formem part de l&#8217;Associaci\u00f3 Espanyola per al Tractament Mediambiental dels Vehicles Fora d&#8217;\u00das (SIGRAUTO), l&#8217;Associaci\u00f3 Espanyola de l&#8217;Desballestament i Reciclatge de l&#8217;Autom\u00f2bil (AEDRA) i l&#8217;Associaci\u00f3 d&#8217;Empreses de Tractament de Vehicles Fora d&#8217;\u00das de Catalunya (AETRAC).<\/p>\n<p>Tamb\u00e9 ens ocupem de tramitar la baixa definitiva del seu vehicle, i incloem el certificat de destrucci\u00f3 i tots els tr\u00e0mits amb la DGT sense cap cost.<\/p>\n<\/div><\/div><\/div><div class=\"fusion-layout-column fusion_builder_column fusion-builder-column-2 fusion_builder_column_1_2 1_2 fusion-flex-column\" style=\"--awb-bg-size:cover;--awb-width-large:50%;--awb-margin-top-large:0px;--awb-spacing-right-large:3.84%;--awb-margin-bottom-large:20px;--awb-spacing-left-large:3.84%;--awb-width-medium:50%;--awb-order-medium:0;--awb-spacing-right-medium:3.84%;--awb-spacing-left-medium:3.84%;--awb-width-small:100%;--awb-order-small:0;--awb-spacing-right-small:1.92%;--awb-spacing-left-small:1.92%;\" data-scroll-devices=\"small-visibility,medium-visibility,large-visibility\"><div class=\"fusion-column-wrapper fusion-column-has-shadow fusion-flex-justify-content-flex-start fusion-content-layout-column\"><div class=\"fusion-image-element \" style=\"--awb-caption-title-font-family:var(--h2_typography-font-family);--awb-caption-title-font-weight:var(--h2_typography-font-weight);--awb-caption-title-font-style:var(--h2_typography-font-style);--awb-caption-title-size:var(--h2_typography-font-size);--awb-caption-title-transform:var(--h2_typography-text-transform);--awb-caption-title-line-height:var(--h2_typography-line-height);--awb-caption-title-letter-spacing:var(--h2_typography-letter-spacing);\"><span class=\" fusion-imageframe imageframe-none imageframe-1 hover-type-none\" style=\"border-radius:8px;\"><img decoding=\"async\" width=\"1354\" height=\"805\" title=\"exterior\" src=\"https:\/\/autogarrigues.com\/wp-content\/uploads\/2025\/10\/exterior.jpg\" data-orig-src=\"https:\/\/autogarrigues.com\/wp-content\/uploads\/2025\/10\/exterior.jpg\" alt class=\"lazyload img-responsive wp-image-1603\" srcset=\"data:image\/svg+xml,%3Csvg%20xmlns%3D%27http%3A%2F%2Fwww.w3.org%2F2000%2Fsvg%27%20width%3D%271354%27%20height%3D%27805%27%20viewBox%3D%270%200%201354%20805%27%3E%3Crect%20width%3D%271354%27%20height%3D%27805%27%20fill-opacity%3D%220%22%2F%3E%3C%2Fsvg%3E\" data-srcset=\"https:\/\/autogarrigues.com\/wp-content\/uploads\/2025\/10\/exterior-200x119.jpg 200w, https:\/\/autogarrigues.com\/wp-content\/uploads\/2025\/10\/exterior-400x238.jpg 400w, https:\/\/autogarrigues.com\/wp-content\/uploads\/2025\/10\/exterior-600x357.jpg 600w, https:\/\/autogarrigues.com\/wp-content\/uploads\/2025\/10\/exterior-800x476.jpg 800w, https:\/\/autogarrigues.com\/wp-content\/uploads\/2025\/10\/exterior-1200x713.jpg 1200w, https:\/\/autogarrigues.com\/wp-content\/uploads\/2025\/10\/exterior.jpg 1354w\" data-sizes=\"auto\" data-orig-sizes=\"(max-width: 820px) 100vw, 800px\" \/><\/span><\/div><\/div><\/div><div class=\"fusion-layout-column fusion_builder_column fusion-builder-column-3 fusion_builder_column_1_1 1_1 fusion-flex-column\" style=\"--awb-bg-size:cover;--awb-width-large:100%;--awb-margin-top-large:0px;--awb-spacing-right-large:1.92%;--awb-margin-bottom-large:20px;--awb-spacing-left-large:1.92%;--awb-width-medium:100%;--awb-order-medium:0;--awb-spacing-right-medium:1.92%;--awb-spacing-left-medium:1.92%;--awb-width-small:100%;--awb-order-small:0;--awb-spacing-right-small:1.92%;--awb-spacing-left-small:1.92%;\"><div class=\"fusion-column-wrapper fusion-column-has-shadow fusion-flex-justify-content-flex-start fusion-content-layout-column\"><div class=\"fusion-text fusion-text-3\" style=\"--awb-font-size:19px;\"><p>Ens dediquem a la compra de vehicles sinistrats, la recollida de vehicles, la venda de recanvis d&#8217;ocasi\u00f3 i nous, aix\u00ed com d&#8217;aclarir els dubtes que pugui tenir en cas de sinistre.<\/p>\n<p>Consulti els nostres serveis, aix\u00ed com la nostra tasca de reciclatge compromesa amb el medi ambient.<\/p>\n<p>Des de fa 25 anys, en Desballestaments Auto-Garrigues treballem, colze a colze, amb professionals qualificats per oferir-li el millor servei de desballestament, recuperaci\u00f3 i venda de peces d&#8217;ocasi\u00f3, aix\u00ed com el tractament responsable de les subst\u00e0ncies contaminants del seu vehicle (olis, filtres, gasos &#8230;), sempre tenint en compte la import\u00e0ncia de la cura del nostre planeta.<\/p>\n<p>Perqu\u00e8 el nostre objectiu \u00e9s tenir cura del planeta, reciclem de forma responsable i allarguem la vida del seu vehicle. Per aix\u00f2, ens esforcem per trobar els recanvis d&#8217;ocasi\u00f3 o nous que necessiti per al seu autom\u00f2bil.<\/p>\n<p>A Auto-Garrigues ens ocupem de tots els tr\u00e0mits requerits per la llei a l&#8217;oc\u00f3rrer un sinistre: des de la retirada de el vehicle en el lloc dels fets fins el certificat de baixa i destrucci\u00f3 del seu cotxe.<\/p>\n<\/div><\/div><\/div><\/div><\/div><div class=\"fusion-fullwidth fullwidth-box fusion-builder-row-3 fusion-flex-container nonhundred-percent-fullwidth non-hundred-percent-height-scrolling\" style=\"--awb-border-radius-top-left:0px;--awb-border-radius-top-right:0px;--awb-border-radius-bottom-right:0px;--awb-border-radius-bottom-left:0px;--awb-padding-bottom:115px;--awb-padding-bottom-medium:70px;--awb-margin-bottom:0px;--awb-background-image:linear-gradient(180deg, var(--awb-color1) 0%,hsla(var(--awb-color8-h),var(--awb-color8-s),calc( var(--awb-color8-l) + 97% ),var(--awb-color8-a)) 100%);--awb-flex-wrap:wrap;\" ><div class=\"fusion-builder-row fusion-row fusion-flex-align-items-stretch fusion-flex-content-wrap\" style=\"max-width:calc( 1370px + 20px );margin-left: calc(-20px \/ 2 );margin-right: calc(-20px \/ 2 );\"><div class=\"fusion-layout-column fusion_builder_column fusion-builder-column-4 fusion_builder_column_1_4 1_4 fusion-flex-column\" style=\"--awb-padding-top:4vw;--awb-padding-right:2vw;--awb-padding-bottom:2.5vw;--awb-padding-left:2vw;--awb-padding-top-small:75px;--awb-padding-bottom-small:60px;--awb-overflow:hidden;--awb-bg-color:var(--awb-color1);--awb-bg-color-hover:var(--awb-color1);--awb-bg-size:cover;--awb-box-shadow:0px 4px 25px 0px hsla(var(--awb-color8-h),var(--awb-color8-s),var(--awb-color8-l),calc( var(--awb-color8-a) - 93% ));;--awb-border-radius:8px 8px 8px 8px;--awb-width-large:25%;--awb-margin-top-large:0px;--awb-spacing-right-large:10px;--awb-margin-bottom-large:0px;--awb-spacing-left-large:10px;--awb-width-medium:25%;--awb-order-medium:0;--awb-spacing-right-medium:10px;--awb-spacing-left-medium:10px;--awb-width-small:100%;--awb-order-small:0;--awb-spacing-right-small:10px;--awb-margin-bottom-small:40px;--awb-spacing-left-small:10px;\"><div class=\"fusion-column-wrapper fusion-column-has-shadow fusion-flex-justify-content-flex-start fusion-content-layout-column\"><div class=\"fusion-title title fusion-title-4 fusion-no-medium-visibility fusion-sep-none fusion-title-center fusion-title-text fusion-title-size-three\" style=\"--awb-margin-bottom:0px;--awb-font-size:83px;\"><h3 class=\"fusion-title-heading title-heading-center\" style=\"margin:0;font-size:1em;line-height:1;\">33<\/h3><\/div><div class=\"fusion-title title fusion-title-5 fusion-no-small-visibility fusion-no-large-visibility fusion-sep-none fusion-title-center fusion-title-text fusion-title-size-three\" style=\"--awb-margin-bottom:0px;--awb-font-size:63px;\"><h3 class=\"fusion-title-heading title-heading-center\" style=\"margin:0;font-size:1em;line-height:1;\">33<\/h3><\/div><div class=\"fusion-text fusion-text-4\" style=\"--awb-content-alignment:center;--awb-line-height:1.5em;--awb-text-color:var(--awb-color5);\"><p>Anys d&#8217;experi\u00e8ncia<\/p>\n<\/div><\/div><\/div><div class=\"fusion-layout-column fusion_builder_column fusion-builder-column-5 fusion_builder_column_1_4 1_4 fusion-flex-column\" style=\"--awb-padding-top:4vw;--awb-padding-right:2vw;--awb-padding-bottom:2.5vw;--awb-padding-left:2vw;--awb-padding-top-small:75px;--awb-padding-bottom-small:60px;--awb-overflow:hidden;--awb-bg-color:var(--awb-color1);--awb-bg-color-hover:var(--awb-color1);--awb-bg-size:cover;--awb-box-shadow:0px 4px 25px 0px hsla(var(--awb-color8-h),var(--awb-color8-s),var(--awb-color8-l),calc( var(--awb-color8-a) - 93% ));;--awb-border-radius:8px 8px 8px 8px;--awb-width-large:25%;--awb-margin-top-large:0px;--awb-spacing-right-large:10px;--awb-margin-bottom-large:0px;--awb-spacing-left-large:10px;--awb-width-medium:25%;--awb-order-medium:0;--awb-spacing-right-medium:10px;--awb-spacing-left-medium:10px;--awb-width-small:100%;--awb-order-small:0;--awb-spacing-right-small:10px;--awb-margin-bottom-small:40px;--awb-spacing-left-small:10px;\"><div class=\"fusion-column-wrapper fusion-column-has-shadow fusion-flex-justify-content-flex-start fusion-content-layout-column\"><div class=\"fusion-title title fusion-title-6 fusion-no-medium-visibility fusion-sep-none fusion-title-center fusion-title-text fusion-title-size-three\" style=\"--awb-margin-bottom:0px;--awb-font-size:83px;\"><h3 class=\"fusion-title-heading title-heading-center\" style=\"margin:0;font-size:1em;line-height:1;\">10<\/h3><\/div><div class=\"fusion-title title fusion-title-7 fusion-no-small-visibility fusion-no-large-visibility fusion-sep-none fusion-title-center fusion-title-text fusion-title-size-three\" style=\"--awb-margin-bottom:0px;--awb-font-size:63px;\"><h3 class=\"fusion-title-heading title-heading-center\" style=\"margin:0;font-size:1em;line-height:1;\">10<\/h3><\/div><div class=\"fusion-text fusion-text-5\" style=\"--awb-content-alignment:center;--awb-line-height:1.5em;--awb-text-color:var(--awb-color5);\"><p>Empleats incre\u00efbles<\/p>\n<\/div><\/div><\/div><div class=\"fusion-layout-column fusion_builder_column fusion-builder-column-6 fusion_builder_column_1_4 1_4 fusion-flex-column\" style=\"--awb-padding-top:4vw;--awb-padding-right:2vw;--awb-padding-bottom:2.5vw;--awb-padding-left:2vw;--awb-padding-top-small:75px;--awb-padding-bottom-small:60px;--awb-overflow:hidden;--awb-bg-color:var(--awb-color1);--awb-bg-color-hover:var(--awb-color1);--awb-bg-size:cover;--awb-box-shadow:0px 4px 25px 0px hsla(var(--awb-color8-h),var(--awb-color8-s),var(--awb-color8-l),calc( var(--awb-color8-a) - 93% ));;--awb-border-radius:8px 8px 8px 8px;--awb-width-large:25%;--awb-margin-top-large:0px;--awb-spacing-right-large:10px;--awb-margin-bottom-large:0px;--awb-spacing-left-large:10px;--awb-width-medium:25%;--awb-order-medium:0;--awb-spacing-right-medium:10px;--awb-spacing-left-medium:10px;--awb-width-small:100%;--awb-order-small:0;--awb-spacing-right-small:10px;--awb-margin-bottom-small:40px;--awb-spacing-left-small:10px;\"><div class=\"fusion-column-wrapper fusion-column-has-shadow fusion-flex-justify-content-flex-start fusion-content-layout-column\"><div class=\"fusion-title title fusion-title-8 fusion-no-medium-visibility fusion-sep-none fusion-title-center fusion-title-text fusion-title-size-three\" style=\"--awb-margin-bottom:0px;--awb-font-size:83px;\"><h3 class=\"fusion-title-heading title-heading-center\" style=\"margin:0;font-size:1em;line-height:1;\">500k+<\/h3><\/div><div class=\"fusion-title title fusion-title-9 fusion-no-small-visibility fusion-no-large-visibility fusion-sep-none fusion-title-center fusion-title-text fusion-title-size-three\" style=\"--awb-margin-bottom:0px;--awb-font-size:63px;\"><h3 class=\"fusion-title-heading title-heading-center\" style=\"margin:0;font-size:1em;line-height:1;\">500k+<\/h3><\/div><div class=\"fusion-text fusion-text-6\" style=\"--awb-content-alignment:center;--awb-line-height:1.5em;--awb-text-color:var(--awb-color5);\"><p>Hores de treball<\/p>\n<\/div><\/div><\/div><div class=\"fusion-layout-column fusion_builder_column fusion-builder-column-7 fusion_builder_column_1_4 1_4 fusion-flex-column\" style=\"--awb-padding-top:4vw;--awb-padding-right:2vw;--awb-padding-bottom:2.5vw;--awb-padding-left:2vw;--awb-padding-top-small:75px;--awb-padding-bottom-small:60px;--awb-overflow:hidden;--awb-bg-color:var(--awb-color1);--awb-bg-color-hover:var(--awb-color1);--awb-bg-size:cover;--awb-box-shadow:0px 4px 25px 0px hsla(var(--awb-color8-h),var(--awb-color8-s),var(--awb-color8-l),calc( var(--awb-color8-a) - 93% ));;--awb-border-radius:8px 8px 8px 8px;--awb-width-large:25%;--awb-margin-top-large:0px;--awb-spacing-right-large:10px;--awb-margin-bottom-large:0px;--awb-spacing-left-large:10px;--awb-width-medium:25%;--awb-order-medium:0;--awb-spacing-right-medium:10px;--awb-spacing-left-medium:10px;--awb-width-small:100%;--awb-order-small:0;--awb-spacing-right-small:10px;--awb-spacing-left-small:10px;\"><div class=\"fusion-column-wrapper fusion-column-has-shadow fusion-flex-justify-content-flex-start fusion-content-layout-column\"><div class=\"fusion-title title fusion-title-10 fusion-no-medium-visibility fusion-sep-none fusion-title-center fusion-title-text fusion-title-size-three\" style=\"--awb-margin-bottom:0px;--awb-font-size:83px;\"><h3 class=\"fusion-title-heading title-heading-center\" style=\"margin:0;font-size:1em;line-height:1;\">50k+<\/h3><\/div><div class=\"fusion-title title fusion-title-11 fusion-no-small-visibility fusion-no-large-visibility fusion-sep-none fusion-title-center fusion-title-text fusion-title-size-three\" style=\"--awb-margin-bottom:0px;--awb-font-size:63px;\"><h3 class=\"fusion-title-heading title-heading-center\" style=\"margin:0;font-size:1em;line-height:1;\">50k+<\/h3><\/div><div class=\"fusion-text fusion-text-7\" style=\"--awb-content-alignment:center;--awb-line-height:1.5em;--awb-text-color:var(--awb-color5);\"><p>Clients satisfets<\/p>\n<\/div><\/div><\/div><\/div><\/div><\/p>\n","protected":false},"excerpt":{"rendered":"","protected":false},"author":1,"featured_media":0,"parent":0,"menu_order":0,"comment_status":"closed","ping_status":"closed","template":"100-width.php","meta":{"footnotes":""},"class_list":["post-39","page","type-page","status-publish","hentry"],"_links":{"self":[{"href":"https:\/\/autogarrigues.com\/index.php\/wp-json\/wp\/v2\/pages\/39","targetHints":{"allow":["GET"]}}],"collection":[{"href":"https:\/\/autogarrigues.com\/index.php\/wp-json\/wp\/v2\/pages"}],"about":[{"href":"https:\/\/autogarrigues.com\/index.php\/wp-json\/wp\/v2\/types\/page"}],"author":[{"embeddable":true,"href":"https:\/\/autogarrigues.com\/index.php\/wp-json\/wp\/v2\/users\/1"}],"replies":[{"embeddable":true,"href":"https:\/\/autogarrigues.com\/index.php\/wp-json\/wp\/v2\/comments?post=39"}],"version-history":[{"count":32,"href":"https:\/\/autogarrigues.com\/index.php\/wp-json\/wp\/v2\/pages\/39\/revisions"}],"predecessor-version":[{"id":1625,"href":"https:\/\/autogarrigues.com\/index.php\/wp-json\/wp\/v2\/pages\/39\/revisions\/1625"}],"wp:attachment":[{"href":"https:\/\/autogarrigues.com\/index.php\/wp-json\/wp\/v2\/media?parent=39"}],"curies":[{"name":"wp","href":"https:\/\/api.w.org\/{rel}","templated":true}]}}