{"id":37,"date":"2021-01-20T19:01:04","date_gmt":"2021-01-20T19:01:04","guid":{"rendered":"https:\/\/avadawebsites.wpengine.com\/mechanic\/?page_id=37"},"modified":"2025-10-13T15:12:40","modified_gmt":"2025-10-13T15:12:40","slug":"serveis","status":"publish","type":"page","link":"https:\/\/autogarrigues.com\/index.php\/serveis\/","title":{"rendered":"Els Nostres Serveis"},"content":{"rendered":"<p><div class=\"fusion-fullwidth fullwidth-box fusion-builder-row-1 fusion-flex-container has-pattern-background has-mask-background fusion-parallax-none nonhundred-percent-fullwidth non-hundred-percent-height-scrolling lazyload\" style=\"--awb-border-radius-top-left:0px;--awb-border-radius-top-right:0px;--awb-border-radius-bottom-right:0px;--awb-border-radius-bottom-left:0px;--awb-padding-top:100px;--awb-padding-bottom:100px;--awb-padding-top-small:60px;--awb-padding-bottom-small:60px;--awb-margin-bottom:115px;--awb-background-color:hsla(var(--awb-color8-h),var(--awb-color8-s),calc( var(--awb-color8-l) + 12% ),var(--awb-color8-a));--awb-background-image:linear-gradient(93deg, hsla(var(--awb-color7-h),calc(var(--awb-color7-s) - 20%),var(--awb-color7-l),calc(var(--awb-color7-a) - 60%)) 0%,hsla(var(--awb-color7-h),calc(var(--awb-color7-s) - 20%),var(--awb-color7-l),calc(var(--awb-color7-a) - 80%)) 100%);;--awb-background-size:cover;--awb-flex-wrap:wrap;\" data-bg=\"https:\/\/autogarrigues.com\/wp-content\/uploads\/2025\/06\/f7081ba8-3b4c-431a-bf9a-7f601e641bf8-1920w.webp\" data-bg-gradient=\"linear-gradient(93deg, hsla(var(--awb-color7-h),calc(var(--awb-color7-s) - 20%),var(--awb-color7-l),calc(var(--awb-color7-a) - 60%)) 0%,hsla(var(--awb-color7-h),calc(var(--awb-color7-s) - 20%),var(--awb-color7-l),calc(var(--awb-color7-a) - 80%)) 100%)\" ><div class=\"fusion-builder-row fusion-row fusion-flex-align-items-center fusion-flex-content-wrap\" style=\"max-width:1424.8px;margin-left: calc(-4% \/ 2 );margin-right: calc(-4% \/ 2 );\"><div class=\"fusion-layout-column fusion_builder_column fusion-builder-column-0 fusion-flex-column\" style=\"--awb-bg-size:cover;--awb-width-large:62%;--awb-margin-top-large:0px;--awb-spacing-right-large:3.0967741935484%;--awb-margin-bottom-large:0px;--awb-spacing-left-large:3.0967741935484%;--awb-width-medium:55%;--awb-order-medium:0;--awb-spacing-right-medium:3.4909090909091%;--awb-spacing-left-medium:3.4909090909091%;--awb-width-small:100%;--awb-order-small:0;--awb-spacing-right-small:1.92%;--awb-spacing-left-small:1.92%;\"><div class=\"fusion-column-wrapper fusion-column-has-shadow fusion-flex-justify-content-flex-start fusion-content-layout-column\"><div class=\"fusion-text fusion-text-1\" style=\"--awb-font-size:19px;--awb-text-color:var(--awb-color4);\"><p>Benvingut a desballestaments Auto Garrigues<\/p>\n<\/div><div class=\"fusion-title title fusion-title-1 fusion-no-large-visibility fusion-sep-none fusion-title-text fusion-title-size-one\" style=\"--awb-text-color:var(--awb-color1);--awb-margin-bottom:50px;--awb-margin-bottom-small:30px;--awb-font-size:42px;\"><h1 class=\"fusion-title-heading title-heading-left\" style=\"margin:0;font-size:1em;line-height:1.3em;\">La m\u00e9s completa carta de serveis per a vehicles sinistrats a Lleida.<\/h1><\/div><div class=\"fusion-title title fusion-title-2 fusion-no-small-visibility fusion-no-medium-visibility fusion-sep-none fusion-title-text fusion-title-size-one\" style=\"--awb-text-color:var(--awb-color1);--awb-margin-bottom:50px;\"><h1 class=\"fusion-title-heading title-heading-left\" style=\"margin:0;line-height:1.3em;\">La m\u00e9s completa carta de serveis per a vehicles sinistrats a Lleida.<\/h1><\/div><\/div><\/div><\/div><\/div><div class=\"fusion-fullwidth fullwidth-box fusion-builder-row-2 fusion-flex-container has-pattern-background has-mask-background nonhundred-percent-fullwidth non-hundred-percent-height-scrolling\" style=\"--awb-border-radius-top-left:0px;--awb-border-radius-top-right:0px;--awb-border-radius-bottom-right:0px;--awb-border-radius-bottom-left:0px;--awb-margin-bottom-medium:70px;--awb-flex-wrap:wrap;\" ><div class=\"fusion-builder-row fusion-row fusion-flex-align-items-flex-start fusion-flex-justify-content-center fusion-flex-content-wrap\" style=\"max-width:1424.8px;margin-left: calc(-4% \/ 2 );margin-right: calc(-4% \/ 2 );\"><div class=\"fusion-layout-column fusion_builder_column fusion-builder-column-1 fusion_builder_column_2_3 2_3 fusion-flex-column\" style=\"--awb-bg-size:cover;--awb-width-large:66.666666666667%;--awb-margin-top-large:0px;--awb-spacing-right-large:2.88%;--awb-margin-bottom-large:90px;--awb-spacing-left-large:2.88%;--awb-width-medium:66.666666666667%;--awb-order-medium:0;--awb-spacing-right-medium:2.88%;--awb-spacing-left-medium:2.88%;--awb-width-small:100%;--awb-order-small:0;--awb-spacing-right-small:1.92%;--awb-spacing-left-small:1.92%;\"><div class=\"fusion-column-wrapper fusion-column-has-shadow fusion-flex-justify-content-flex-start fusion-content-layout-column\"><div class=\"fusion-title title fusion-title-3 fusion-sep-none fusion-title-center fusion-title-text fusion-title-size-two\" style=\"--awb-margin-bottom:30px;\"><h2 class=\"fusion-title-heading title-heading-center\" style=\"margin:0;\">Tramitaci\u00f3 de baixa, venda de peces i destrucci\u00f3 de vehicles.<\/h2><\/div><\/div><\/div><div class=\"fusion-layout-column fusion_builder_column fusion-builder-column-2 fusion_builder_column_1_2 1_2 fusion-flex-column\" style=\"--awb-overflow:hidden;--awb-bg-color:var(--awb-color1);--awb-bg-color-hover:var(--awb-color1);--awb-bg-size:cover;--awb-box-shadow:0px 4px 25px 0px hsla(var(--awb-color8-h),var(--awb-color8-s),var(--awb-color8-l),calc( var(--awb-color8-a) - 93% ));;--awb-border-color:var(--awb-color4);--awb-border-bottom:7px;--awb-border-style:solid;--awb-border-radius:6px 6px 6px 6px;--awb-width-large:50%;--awb-margin-top-large:0px;--awb-spacing-right-large:3.84%;--awb-margin-bottom-large:60px;--awb-spacing-left-large:3.84%;--awb-width-medium:50%;--awb-order-medium:0;--awb-spacing-right-medium:3.84%;--awb-spacing-left-medium:3.84%;--awb-width-small:100%;--awb-order-small:0;--awb-spacing-right-small:1.92%;--awb-spacing-left-small:1.92%;\" id=\"Compra\" data-scroll-devices=\"small-visibility,medium-visibility,large-visibility\"><div class=\"fusion-column-wrapper fusion-column-has-shadow fusion-flex-justify-content-flex-start fusion-content-layout-column\"><div class=\"fusion-image-element \" style=\"--awb-caption-title-font-family:var(--h2_typography-font-family);--awb-caption-title-font-weight:var(--h2_typography-font-weight);--awb-caption-title-font-style:var(--h2_typography-font-style);--awb-caption-title-size:var(--h2_typography-font-size);--awb-caption-title-transform:var(--h2_typography-text-transform);--awb-caption-title-line-height:var(--h2_typography-line-height);--awb-caption-title-letter-spacing:var(--h2_typography-letter-spacing);\"><span class=\" fusion-imageframe imageframe-none imageframe-1 hover-type-none\"><img decoding=\"async\" width=\"580\" height=\"309\" title=\"Desballestaments+Auto-Garrigues,+S.L._02-576w\" src=\"https:\/\/autogarrigues.com\/wp-content\/uploads\/2025\/06\/DesballestamentsAuto-GarriguesS.L._02-576w.webp\" data-orig-src=\"https:\/\/autogarrigues.com\/wp-content\/uploads\/2025\/06\/DesballestamentsAuto-GarriguesS.L._02-576w.webp\" alt class=\"lazyload img-responsive wp-image-1494\" srcset=\"data:image\/svg+xml,%3Csvg%20xmlns%3D%27http%3A%2F%2Fwww.w3.org%2F2000%2Fsvg%27%20width%3D%27580%27%20height%3D%27309%27%20viewBox%3D%270%200%20580%20309%27%3E%3Crect%20width%3D%27580%27%20height%3D%27309%27%20fill-opacity%3D%220%22%2F%3E%3C%2Fsvg%3E\" data-srcset=\"https:\/\/autogarrigues.com\/wp-content\/uploads\/2025\/06\/DesballestamentsAuto-GarriguesS.L._02-576w-200x107.webp 200w, https:\/\/autogarrigues.com\/wp-content\/uploads\/2025\/06\/DesballestamentsAuto-GarriguesS.L._02-576w-300x160.webp 300w, https:\/\/autogarrigues.com\/wp-content\/uploads\/2025\/06\/DesballestamentsAuto-GarriguesS.L._02-576w-400x213.webp 400w, https:\/\/autogarrigues.com\/wp-content\/uploads\/2025\/06\/DesballestamentsAuto-GarriguesS.L._02-576w.webp 580w\" data-sizes=\"auto\" data-orig-sizes=\"(max-width: 820px) 100vw, 580px\" \/><\/span><\/div><div class=\"fusion-builder-row fusion-builder-row-inner fusion-row fusion-flex-align-items-flex-start fusion-flex-justify-content-center fusion-flex-content-wrap\" style=\"width:104% !important;max-width:104% !important;margin-left: calc(-4% \/ 2 );margin-right: calc(-4% \/ 2 );\"><div class=\"fusion-layout-column fusion_builder_column_inner fusion-builder-nested-column-0 fusion_builder_column_inner_1_1 1_1 fusion-flex-column\" style=\"--awb-padding-top:3vw;--awb-padding-right:4vw;--awb-padding-bottom:3vw;--awb-padding-left:4vw;--awb-padding-top-medium:4vw;--awb-padding-right-medium:5vw;--awb-padding-bottom-medium:4vw;--awb-padding-left-medium:5vw;--awb-bg-size:cover;--awb-width-large:100%;--awb-margin-top-large:0px;--awb-spacing-right-large:1.92%;--awb-margin-bottom-large:0px;--awb-spacing-left-large:1.92%;--awb-width-medium:100%;--awb-order-medium:0;--awb-spacing-right-medium:1.92%;--awb-spacing-left-medium:1.92%;--awb-width-small:100%;--awb-order-small:0;--awb-spacing-right-small:1.92%;--awb-spacing-left-small:1.92%;\"><div class=\"fusion-column-wrapper fusion-column-has-shadow fusion-flex-justify-content-flex-start fusion-content-layout-column\"><div class=\"fusion-title title fusion-title-4 fusion-sep-none fusion-title-center fusion-title-text fusion-title-size-three\" style=\"--awb-margin-top:0px;--awb-margin-bottom:20px;--awb-font-size:22px;\"><h3 class=\"fusion-title-heading title-heading-center\" style=\"margin:0;font-size:1em;\">Compra de vehicles sinistrats<\/h3><\/div><div class=\"fusion-text fusion-text-2\" style=\"--awb-content-alignment:center;\"><p>Comprem el seu vehicle sinistrat i ens ocupem de tot. Comptem amb 25 anys d&#8217;experi\u00e8ncia en el sector de la compra \/ venda de vehicles. El nostre objectiu \u00e9s facilitar-li la vida. Veniu a con\u00e8ixer a les Borges Blanques.<\/p>\n<\/div><\/div><\/div><\/div><\/div><\/div><div class=\"fusion-layout-column fusion_builder_column fusion-builder-column-3 fusion_builder_column_1_2 1_2 fusion-flex-column fusion-column-inner-bg-wrapper\" style=\"--awb-overflow:hidden;--awb-inner-bg-color:var(--awb-color1);--awb-inner-bg-color-hover:var(--awb-color1);--awb-inner-bg-size:cover;--awb-box-shadow:0px 4px 25px 0px hsla(var(--awb-color8-h),var(--awb-color8-s),var(--awb-color8-l),calc( var(--awb-color8-a) - 93% ));;--awb-border-color:var(--awb-color4);--awb-border-bottom:7px;--awb-border-style:solid;--awb-border-radius:6px 6px 6px 6px;--awb-inner-bg-border-radius:6px 6px 6px 6px;--awb-inner-bg-overflow:hidden;--awb-width-large:50%;--awb-margin-top-large:0px;--awb-spacing-right-large:3.84%;--awb-margin-bottom-large:0px;--awb-spacing-left-large:3.84%;--awb-width-medium:50%;--awb-order-medium:0;--awb-spacing-right-medium:3.84%;--awb-spacing-left-medium:3.84%;--awb-width-small:100%;--awb-order-small:0;--awb-spacing-right-small:1.92%;--awb-margin-bottom-small:60px;--awb-spacing-left-small:1.92%;\" id=\"Recollida\" data-scroll-devices=\"small-visibility,medium-visibility,large-visibility\"><span class=\"fusion-column-inner-bg hover-type-none\"><a class=\"fusion-column-anchor\" href=\"https:\/\/autogarrigues.com\/car-mechanic\/\"><span class=\"fusion-column-inner-bg-image\"><\/span><\/a><\/span><div class=\"fusion-column-wrapper fusion-column-has-shadow fusion-flex-justify-content-flex-start fusion-content-layout-column\"><div class=\"fusion-image-element \" style=\"--awb-caption-title-font-family:var(--h2_typography-font-family);--awb-caption-title-font-weight:var(--h2_typography-font-weight);--awb-caption-title-font-style:var(--h2_typography-font-style);--awb-caption-title-size:var(--h2_typography-font-size);--awb-caption-title-transform:var(--h2_typography-text-transform);--awb-caption-title-line-height:var(--h2_typography-line-height);--awb-caption-title-letter-spacing:var(--h2_typography-letter-spacing);\"><span class=\" fusion-imageframe imageframe-none imageframe-2 hover-type-none\"><img decoding=\"async\" width=\"580\" height=\"310\" title=\"Desballestaments+Auto-Garrigues,+S.L._07-1920w\" src=\"https:\/\/autogarrigues.com\/wp-content\/uploads\/2025\/06\/DesballestamentsAuto-GarriguesS.L._07-1920w-e1750690954780.jpg\" data-orig-src=\"https:\/\/autogarrigues.com\/wp-content\/uploads\/2025\/06\/DesballestamentsAuto-GarriguesS.L._07-1920w-e1750690954780.jpg\" alt class=\"lazyload img-responsive wp-image-1501\" srcset=\"data:image\/svg+xml,%3Csvg%20xmlns%3D%27http%3A%2F%2Fwww.w3.org%2F2000%2Fsvg%27%20width%3D%27580%27%20height%3D%27310%27%20viewBox%3D%270%200%20580%20310%27%3E%3Crect%20width%3D%27580%27%20height%3D%27310%27%20fill-opacity%3D%220%22%2F%3E%3C%2Fsvg%3E\" data-srcset=\"https:\/\/autogarrigues.com\/wp-content\/uploads\/2025\/06\/DesballestamentsAuto-GarriguesS.L._07-1920w-e1750690954780-200x107.jpg 200w, https:\/\/autogarrigues.com\/wp-content\/uploads\/2025\/06\/DesballestamentsAuto-GarriguesS.L._07-1920w-e1750690954780-400x214.jpg 400w, https:\/\/autogarrigues.com\/wp-content\/uploads\/2025\/06\/DesballestamentsAuto-GarriguesS.L._07-1920w-e1750690954780.jpg 580w\" data-sizes=\"auto\" data-orig-sizes=\"(max-width: 820px) 100vw, 800px\" \/><\/span><\/div><div class=\"fusion-builder-row fusion-builder-row-inner fusion-row fusion-flex-align-items-flex-start fusion-flex-justify-content-center fusion-flex-content-wrap\" style=\"width:104% !important;max-width:104% !important;margin-left: calc(-4% \/ 2 );margin-right: calc(-4% \/ 2 );\"><div class=\"fusion-layout-column fusion_builder_column_inner fusion-builder-nested-column-1 fusion_builder_column_inner_1_1 1_1 fusion-flex-column\" style=\"--awb-padding-top:3vw;--awb-padding-right:4vw;--awb-padding-bottom:3vw;--awb-padding-left:4vw;--awb-padding-top-medium:4vw;--awb-padding-right-medium:5vw;--awb-padding-bottom-medium:4vw;--awb-padding-left-medium:5vw;--awb-bg-size:cover;--awb-width-large:100%;--awb-margin-top-large:0px;--awb-spacing-right-large:1.92%;--awb-margin-bottom-large:0px;--awb-spacing-left-large:1.92%;--awb-width-medium:100%;--awb-order-medium:0;--awb-spacing-right-medium:1.92%;--awb-spacing-left-medium:1.92%;--awb-width-small:100%;--awb-order-small:0;--awb-spacing-right-small:1.92%;--awb-spacing-left-small:1.92%;\"><div class=\"fusion-column-wrapper fusion-column-has-shadow fusion-flex-justify-content-flex-start fusion-content-layout-column\"><div class=\"fusion-title title fusion-title-5 fusion-sep-none fusion-title-center fusion-title-text fusion-title-size-three\" style=\"--awb-margin-top:0px;--awb-margin-bottom:20px;--awb-font-size:22px;\"><h3 class=\"fusion-title-heading title-heading-center\" style=\"margin:0;font-size:1em;\">Recollida de vehicles<\/h3><\/div><div class=\"fusion-text fusion-text-3\" style=\"--awb-content-alignment:center;\"><p>Recollim el seu vehicle al lloc de l&#8217;accident, o on vost\u00e8 ens digui, i el tractem seguint tots els passos necessaris per protegir el medi ambient. La gesti\u00f3 responsable de residus \u00e9s una prioritat per a nosaltres.<\/p>\n<\/div><\/div><\/div><\/div><\/div><\/div><div class=\"fusion-layout-column fusion_builder_column fusion-builder-column-4 fusion_builder_column_1_2 1_2 fusion-flex-column fusion-column-inner-bg-wrapper\" style=\"--awb-overflow:hidden;--awb-inner-bg-color:var(--awb-color1);--awb-inner-bg-color-hover:var(--awb-color1);--awb-inner-bg-size:cover;--awb-box-shadow:0px 4px 25px 0px hsla(var(--awb-color8-h),var(--awb-color8-s),var(--awb-color8-l),calc( var(--awb-color8-a) - 93% ));;--awb-border-color:var(--awb-color4);--awb-border-bottom:7px;--awb-border-style:solid;--awb-border-radius:6px 6px 6px 6px;--awb-inner-bg-border-radius:6px 6px 6px 6px;--awb-inner-bg-overflow:hidden;--awb-width-large:50%;--awb-margin-top-large:0px;--awb-spacing-right-large:3.84%;--awb-margin-bottom-large:60px;--awb-spacing-left-large:3.84%;--awb-width-medium:50%;--awb-order-medium:0;--awb-spacing-right-medium:3.84%;--awb-spacing-left-medium:3.84%;--awb-width-small:100%;--awb-order-small:0;--awb-spacing-right-small:1.92%;--awb-spacing-left-small:1.92%;\" id=\"Tramitacio\" data-scroll-devices=\"small-visibility,medium-visibility,large-visibility\"><span class=\"fusion-column-inner-bg hover-type-none\"><a class=\"fusion-column-anchor\" href=\"https:\/\/autogarrigues.com\/mechanical-engineering\/\"><span class=\"fusion-column-inner-bg-image\"><\/span><\/a><\/span><div class=\"fusion-column-wrapper fusion-column-has-shadow fusion-flex-justify-content-flex-start fusion-content-layout-column\"><div class=\"fusion-image-element \" style=\"--awb-caption-title-font-family:var(--h2_typography-font-family);--awb-caption-title-font-weight:var(--h2_typography-font-weight);--awb-caption-title-font-style:var(--h2_typography-font-style);--awb-caption-title-size:var(--h2_typography-font-size);--awb-caption-title-transform:var(--h2_typography-text-transform);--awb-caption-title-line-height:var(--h2_typography-line-height);--awb-caption-title-letter-spacing:var(--h2_typography-letter-spacing);\"><span class=\" fusion-imageframe imageframe-none imageframe-3 hover-type-none\"><img decoding=\"async\" width=\"580\" height=\"309\" title=\"Desballestaments+Auto-Garrigues,+S.L._06-108a310b\" src=\"https:\/\/autogarrigues.com\/wp-content\/uploads\/2025\/06\/DesballestamentsAuto-GarriguesS.L._06-108a310b-e1750691042826.jpg\" data-orig-src=\"https:\/\/autogarrigues.com\/wp-content\/uploads\/2025\/06\/DesballestamentsAuto-GarriguesS.L._06-108a310b-e1750691042826.jpg\" alt class=\"lazyload img-responsive wp-image-1495\" srcset=\"data:image\/svg+xml,%3Csvg%20xmlns%3D%27http%3A%2F%2Fwww.w3.org%2F2000%2Fsvg%27%20width%3D%27580%27%20height%3D%27309%27%20viewBox%3D%270%200%20580%20309%27%3E%3Crect%20width%3D%27580%27%20height%3D%27309%27%20fill-opacity%3D%220%22%2F%3E%3C%2Fsvg%3E\" data-srcset=\"https:\/\/autogarrigues.com\/wp-content\/uploads\/2025\/06\/DesballestamentsAuto-GarriguesS.L._06-108a310b-e1750691042826-200x107.jpg 200w, https:\/\/autogarrigues.com\/wp-content\/uploads\/2025\/06\/DesballestamentsAuto-GarriguesS.L._06-108a310b-e1750691042826-400x213.jpg 400w, https:\/\/autogarrigues.com\/wp-content\/uploads\/2025\/06\/DesballestamentsAuto-GarriguesS.L._06-108a310b-e1750691042826.jpg 580w\" data-sizes=\"auto\" data-orig-sizes=\"(max-width: 820px) 100vw, 800px\" \/><\/span><\/div><div class=\"fusion-builder-row fusion-builder-row-inner fusion-row fusion-flex-align-items-flex-start fusion-flex-justify-content-center fusion-flex-content-wrap\" style=\"width:104% !important;max-width:104% !important;margin-left: calc(-4% \/ 2 );margin-right: calc(-4% \/ 2 );\"><div class=\"fusion-layout-column fusion_builder_column_inner fusion-builder-nested-column-2 fusion_builder_column_inner_1_1 1_1 fusion-flex-column\" style=\"--awb-padding-top:3vw;--awb-padding-right:4vw;--awb-padding-bottom:3vw;--awb-padding-left:4vw;--awb-padding-top-medium:4vw;--awb-padding-right-medium:5vw;--awb-padding-bottom-medium:4vw;--awb-padding-left-medium:5vw;--awb-bg-size:cover;--awb-width-large:100%;--awb-margin-top-large:0px;--awb-spacing-right-large:1.92%;--awb-margin-bottom-large:0px;--awb-spacing-left-large:1.92%;--awb-width-medium:100%;--awb-order-medium:0;--awb-spacing-right-medium:1.92%;--awb-spacing-left-medium:1.92%;--awb-width-small:100%;--awb-order-small:0;--awb-spacing-right-small:1.92%;--awb-spacing-left-small:1.92%;\"><div class=\"fusion-column-wrapper fusion-column-has-shadow fusion-flex-justify-content-flex-start fusion-content-layout-column\"><div class=\"fusion-title title fusion-title-6 fusion-sep-none fusion-title-center fusion-title-text fusion-title-size-three\" style=\"--awb-margin-top:0px;--awb-margin-bottom:20px;--awb-font-size:22px;\"><h3 class=\"fusion-title-heading title-heading-center\" style=\"margin:0;font-size:1em;\">Tramitaci\u00f3 de baixa definitiva i certificat de destrucci\u00f3 gratis<\/h3><\/div><div class=\"fusion-text fusion-text-4\" style=\"--awb-content-alignment:center;\"><p>Ens ocupem de tota la tramitaci\u00f3 digital perqu\u00e8 vost\u00e8 no hagi de fer res. Tramitem el certificat de destrucci\u00f3 gratis per facilitar-li les coses despr\u00e9s d&#8217;un incident automobil\u00edstic, o quan vulgui desfer-se del seu autom\u00f2bil.<\/p>\n<\/div><\/div><\/div><\/div><\/div><\/div><div class=\"fusion-layout-column fusion_builder_column fusion-builder-column-5 fusion_builder_column_1_2 1_2 fusion-flex-column fusion-column-inner-bg-wrapper\" style=\"--awb-overflow:hidden;--awb-inner-bg-color:var(--awb-color1);--awb-inner-bg-color-hover:var(--awb-color1);--awb-inner-bg-size:cover;--awb-box-shadow:0px 4px 25px 0px hsla(var(--awb-color8-h),var(--awb-color8-s),var(--awb-color8-l),calc( var(--awb-color8-a) - 93% ));;--awb-border-color:var(--awb-color4);--awb-border-bottom:7px;--awb-border-style:solid;--awb-border-radius:6px 6px 6px 6px;--awb-inner-bg-border-radius:6px 6px 6px 6px;--awb-inner-bg-overflow:hidden;--awb-width-large:50%;--awb-margin-top-large:0px;--awb-spacing-right-large:3.84%;--awb-margin-bottom-large:0px;--awb-spacing-left-large:3.84%;--awb-width-medium:50%;--awb-order-medium:0;--awb-spacing-right-medium:3.84%;--awb-spacing-left-medium:3.84%;--awb-width-small:100%;--awb-order-small:0;--awb-spacing-right-small:1.92%;--awb-spacing-left-small:1.92%;\" id=\"Venda\" data-scroll-devices=\"small-visibility,medium-visibility,large-visibility\"><span class=\"fusion-column-inner-bg hover-type-none\"><a class=\"fusion-column-anchor\" href=\"https:\/\/autogarrigues.com\/maintenance-mechanic\/\"><span class=\"fusion-column-inner-bg-image\"><\/span><\/a><\/span><div class=\"fusion-column-wrapper fusion-column-has-shadow fusion-flex-justify-content-flex-start fusion-content-layout-column\"><div class=\"fusion-image-element \" style=\"--awb-caption-title-font-family:var(--h2_typography-font-family);--awb-caption-title-font-weight:var(--h2_typography-font-weight);--awb-caption-title-font-style:var(--h2_typography-font-style);--awb-caption-title-size:var(--h2_typography-font-size);--awb-caption-title-transform:var(--h2_typography-text-transform);--awb-caption-title-line-height:var(--h2_typography-line-height);--awb-caption-title-letter-spacing:var(--h2_typography-letter-spacing);\"><span class=\" fusion-imageframe imageframe-none imageframe-4 hover-type-none\"><img decoding=\"async\" width=\"580\" height=\"309\" title=\"Borders of automotive parts\" src=\"https:\/\/autogarrigues.com\/wp-content\/uploads\/2025\/06\/bigstock-Borders-Of-Automotive-Parts-7673508-e1750692957697.jpg\" data-orig-src=\"https:\/\/autogarrigues.com\/wp-content\/uploads\/2025\/06\/bigstock-Borders-Of-Automotive-Parts-7673508-e1750692957697.jpg\" alt class=\"lazyload img-responsive wp-image-1511\" srcset=\"data:image\/svg+xml,%3Csvg%20xmlns%3D%27http%3A%2F%2Fwww.w3.org%2F2000%2Fsvg%27%20width%3D%27580%27%20height%3D%27309%27%20viewBox%3D%270%200%20580%20309%27%3E%3Crect%20width%3D%27580%27%20height%3D%27309%27%20fill-opacity%3D%220%22%2F%3E%3C%2Fsvg%3E\" data-srcset=\"https:\/\/autogarrigues.com\/wp-content\/uploads\/2025\/06\/bigstock-Borders-Of-Automotive-Parts-7673508-e1750692957697-200x107.jpg 200w, https:\/\/autogarrigues.com\/wp-content\/uploads\/2025\/06\/bigstock-Borders-Of-Automotive-Parts-7673508-e1750692957697-400x213.jpg 400w, https:\/\/autogarrigues.com\/wp-content\/uploads\/2025\/06\/bigstock-Borders-Of-Automotive-Parts-7673508-e1750692957697.jpg 580w\" data-sizes=\"auto\" data-orig-sizes=\"(max-width: 820px) 100vw, 800px\" \/><\/span><\/div><div class=\"fusion-builder-row fusion-builder-row-inner fusion-row fusion-flex-align-items-flex-start fusion-flex-justify-content-center fusion-flex-content-wrap\" style=\"width:104% !important;max-width:104% !important;margin-left: calc(-4% \/ 2 );margin-right: calc(-4% \/ 2 );\"><div class=\"fusion-layout-column fusion_builder_column_inner fusion-builder-nested-column-3 fusion_builder_column_inner_1_1 1_1 fusion-flex-column\" style=\"--awb-padding-top:3vw;--awb-padding-right:4vw;--awb-padding-bottom:3vw;--awb-padding-left:4vw;--awb-padding-top-medium:4vw;--awb-padding-right-medium:5vw;--awb-padding-bottom-medium:4vw;--awb-padding-left-medium:5vw;--awb-bg-size:cover;--awb-width-large:100%;--awb-margin-top-large:0px;--awb-spacing-right-large:1.92%;--awb-margin-bottom-large:0px;--awb-spacing-left-large:1.92%;--awb-width-medium:100%;--awb-order-medium:0;--awb-spacing-right-medium:1.92%;--awb-spacing-left-medium:1.92%;--awb-width-small:100%;--awb-order-small:0;--awb-spacing-right-small:1.92%;--awb-spacing-left-small:1.92%;\"><div class=\"fusion-column-wrapper fusion-column-has-shadow fusion-flex-justify-content-flex-start fusion-content-layout-column\"><div class=\"fusion-title title fusion-title-7 fusion-sep-none fusion-title-center fusion-title-text fusion-title-size-three\" style=\"--awb-margin-top:0px;--awb-margin-bottom:20px;--awb-font-size:22px;\"><h3 class=\"fusion-title-heading title-heading-center\" style=\"margin:0;font-size:1em;\">Venda de recanvis d&#8217;ocasi\u00f3 i nous<\/h3><\/div><div class=\"fusion-text fusion-text-5\" style=\"--awb-content-alignment:center;\"><p>A les nostres instal\u00b7lacions de m\u00e9s de 17 000 m aconseguir\u00e0 els recanvis que buscava a el millor preu. Quan pateixi una avaria i necessiti per al seu cotxe recanvis responsablement tractats ia preus accessibles, nosaltres podem ajudar-lo. Tenim recanvis nous i de segona m\u00e0.<\/p>\n<\/div><\/div><\/div><\/div><\/div><\/div><\/div><\/div><\/p>\n","protected":false},"excerpt":{"rendered":"","protected":false},"author":1,"featured_media":0,"parent":0,"menu_order":0,"comment_status":"closed","ping_status":"closed","template":"100-width.php","meta":{"footnotes":""},"class_list":["post-37","page","type-page","status-publish","hentry"],"_links":{"self":[{"href":"https:\/\/autogarrigues.com\/index.php\/wp-json\/wp\/v2\/pages\/37","targetHints":{"allow":["GET"]}}],"collection":[{"href":"https:\/\/autogarrigues.com\/index.php\/wp-json\/wp\/v2\/pages"}],"about":[{"href":"https:\/\/autogarrigues.com\/index.php\/wp-json\/wp\/v2\/types\/page"}],"author":[{"embeddable":true,"href":"https:\/\/autogarrigues.com\/index.php\/wp-json\/wp\/v2\/users\/1"}],"replies":[{"embeddable":true,"href":"https:\/\/autogarrigues.com\/index.php\/wp-json\/wp\/v2\/comments?post=37"}],"version-history":[{"count":39,"href":"https:\/\/autogarrigues.com\/index.php\/wp-json\/wp\/v2\/pages\/37\/revisions"}],"predecessor-version":[{"id":1657,"href":"https:\/\/autogarrigues.com\/index.php\/wp-json\/wp\/v2\/pages\/37\/revisions\/1657"}],"wp:attachment":[{"href":"https:\/\/autogarrigues.com\/index.php\/wp-json\/wp\/v2\/media?parent=37"}],"curies":[{"name":"wp","href":"https:\/\/api.w.org\/{rel}","templated":true}]}}