{"id":1672,"date":"2025-10-13T15:44:43","date_gmt":"2025-10-13T15:44:43","guid":{"rendered":"https:\/\/autogarrigues.com\/?page_id=1672"},"modified":"2025-10-14T12:30:50","modified_gmt":"2025-10-14T12:30:50","slug":"sobre-nosotros","status":"publish","type":"page","link":"https:\/\/autogarrigues.com\/index.php\/es\/sobre-nosotros\/","title":{"rendered":"Sobre nosotros"},"content":{"rendered":"<p><div class=\"fusion-fullwidth fullwidth-box fusion-builder-row-1 fusion-flex-container hundred-percent-fullwidth non-hundred-percent-height-scrolling\" style=\"--awb-border-radius-top-left:0px;--awb-border-radius-top-right:0px;--awb-border-radius-bottom-right:0px;--awb-border-radius-bottom-left:0px;--awb-padding-right-medium:0px;--awb-padding-left-medium:0px;--awb-margin-bottom:115px;--awb-margin-bottom-medium:55px;--awb-flex-wrap:wrap;\" ><div class=\"fusion-builder-row fusion-row fusion-flex-align-items-stretch fusion-flex-content-wrap\" style=\"width:calc( 100% + 0px ) !important;max-width:calc( 100% + 0px ) !important;margin-left: calc(-0px \/ 2 );margin-right: calc(-0px \/ 2 );\"><div class=\"fusion-layout-column fusion_builder_column fusion-builder-column-0 fusion_builder_column_1_1 1_1 fusion-flex-column\" style=\"--awb-padding-top:11vw;--awb-padding-right:26vw;--awb-padding-bottom:7vw;--awb-padding-left:7vw;--awb-overflow:hidden;--awb-bg-color:var(--awb-color5);--awb-bg-color-hover:var(--awb-color5);--awb-bg-image:linear-gradient(185deg, hsla(var(--awb-color7-h),var(--awb-color7-s),var(--awb-color7-l),calc( var(--awb-color7-a) - 80% )) 0%,hsla(var(--awb-color7-h),var(--awb-color7-s),var(--awb-color7-l),calc(var(--awb-color7-a) - 60%)) 100%);;--awb-bg-position:center center;--awb-bg-size:cover;--awb-border-radius:8px 8px 8px 8px;--awb-width-large:100%;--awb-margin-top-large:0px;--awb-spacing-right-large:0px;--awb-margin-bottom-large:0px;--awb-spacing-left-large:0px;--awb-width-medium:100%;--awb-order-medium:0;--awb-spacing-right-medium:0px;--awb-spacing-left-medium:0px;--awb-width-small:100%;--awb-order-small:0;--awb-spacing-right-small:0px;--awb-spacing-left-small:0px;\" data-scroll-devices=\"small-visibility,medium-visibility,large-visibility\"><div class=\"fusion-column-wrapper lazyload fusion-column-has-shadow fusion-flex-justify-content-flex-start fusion-content-layout-row fusion-column-has-bg-image\" data-bg-url=\"https:\/\/autogarrigues.com\/wp-content\/uploads\/2025\/10\/BancdeTreball.jpg\" data-bg=\"https:\/\/autogarrigues.com\/wp-content\/uploads\/2025\/10\/BancdeTreball.jpg\" data-bg-gradient=\"linear-gradient(185deg, hsla(var(--awb-color7-h),var(--awb-color7-s),var(--awb-color7-l),calc( var(--awb-color7-a) - 80% )) 0%,hsla(var(--awb-color7-h),var(--awb-color7-s),var(--awb-color7-l),calc(var(--awb-color7-a) - 60%)) 100%)\"><div class=\"fusion-text fusion-text-1\" style=\"--awb-font-size:19px;--awb-text-color:var(--awb-color4);\"><p>Bienvenido a desguaces Auto Garrigues<\/p>\n<\/div><div class=\"fusion-title title fusion-title-1 fusion-no-medium-visibility fusion-no-large-visibility fusion-sep-none fusion-title-text fusion-title-size-one\" style=\"--awb-text-color:var(--awb-color1);--awb-margin-bottom:50px;--awb-margin-bottom-small:40px;--awb-font-size:26px;\"><h1 class=\"fusion-title-heading title-heading-left\" style=\"margin:0;font-size:1em;line-height:1.3em;\">Gran experiencia en desguaces en Lleida.<\/h1><\/div><div class=\"fusion-title title fusion-title-2 fusion-no-small-visibility fusion-sep-none fusion-title-text fusion-title-size-one\" style=\"--awb-text-color:var(--awb-color1);--awb-margin-bottom:50px;--awb-margin-bottom-small:40px;--awb-font-size:62px;\"><h1 class=\"fusion-title-heading title-heading-left\" style=\"margin:0;font-size:1em;line-height:1.3em;\">Gran experiencia en desguaces en Lleida.<\/h1><\/div><div class=\"fusion-separator fusion-no-medium-visibility fusion-no-large-visibility fusion-full-width-sep\" style=\"align-self: center;margin-left: auto;margin-right: auto;margin-bottom:30px;width:100%;\"><\/div><\/div><\/div><\/div><\/div><div class=\"fusion-fullwidth fullwidth-box fusion-builder-row-2 fusion-flex-container has-pattern-background has-mask-background nonhundred-percent-fullwidth non-hundred-percent-height-scrolling\" style=\"--awb-border-radius-top-left:0px;--awb-border-radius-top-right:0px;--awb-border-radius-bottom-right:0px;--awb-border-radius-bottom-left:0px;--awb-flex-wrap:wrap;\" ><div class=\"fusion-builder-row fusion-row fusion-flex-align-items-flex-start fusion-flex-content-wrap\" style=\"max-width:1424.8px;margin-left: calc(-4% \/ 2 );margin-right: calc(-4% \/ 2 );\"><div class=\"fusion-layout-column fusion_builder_column fusion-builder-column-1 fusion_builder_column_1_2 1_2 fusion-flex-column\" style=\"--awb-bg-size:cover;--awb-width-large:50%;--awb-margin-top-large:0px;--awb-spacing-right-large:3.84%;--awb-margin-bottom-large:20px;--awb-spacing-left-large:3.84%;--awb-width-medium:50%;--awb-order-medium:0;--awb-spacing-right-medium:3.84%;--awb-spacing-left-medium:3.84%;--awb-width-small:100%;--awb-order-small:0;--awb-spacing-right-small:1.92%;--awb-spacing-left-small:1.92%;\"><div class=\"fusion-column-wrapper fusion-column-has-shadow fusion-flex-justify-content-flex-start fusion-content-layout-column\"><div class=\"fusion-title title fusion-title-3 fusion-no-small-visibility fusion-no-medium-visibility fusion-sep-none fusion-title-text fusion-title-size-two\" style=\"--awb-font-size:40px;\"><h2 class=\"fusion-title-heading title-heading-left\" style=\"margin:0;font-size:1em;line-height:1.3em;\">A Auto-Garrigues<\/h2><\/div><div class=\"fusion-text fusion-text-2\" style=\"--awb-font-size:19px;\"><p>Somos gestores de residuos autorizados con c\u00f3digo E-911.05 y formamos parte de la Asociaci\u00f3n Espa\u00f1ola para el Tratamiento Medioambiental de los Veh\u00edculos Fuera de Uso (SIGRAUTO), la Asociaci\u00f3n Espa\u00f1ola del Desguace y Reciclaje del Autom\u00f3vil (AEDRA) y la Asociaci\u00f3n de Empresas de Tratamiento de Trata.<\/p>\n<p>Tambi\u00e9n nos ocupamos de tramitar la baja definitiva de su veh\u00edculo, e incluimos el certificado de destrucci\u00f3n y todos los tr\u00e1mites con la DGT sin coste alguno.<\/p>\n<\/div><\/div><\/div><div class=\"fusion-layout-column fusion_builder_column fusion-builder-column-2 fusion_builder_column_1_2 1_2 fusion-flex-column\" style=\"--awb-bg-size:cover;--awb-width-large:50%;--awb-margin-top-large:0px;--awb-spacing-right-large:3.84%;--awb-margin-bottom-large:20px;--awb-spacing-left-large:3.84%;--awb-width-medium:50%;--awb-order-medium:0;--awb-spacing-right-medium:3.84%;--awb-spacing-left-medium:3.84%;--awb-width-small:100%;--awb-order-small:0;--awb-spacing-right-small:1.92%;--awb-spacing-left-small:1.92%;\" data-scroll-devices=\"small-visibility,medium-visibility,large-visibility\"><div class=\"fusion-column-wrapper fusion-column-has-shadow fusion-flex-justify-content-flex-start fusion-content-layout-column\"><div class=\"fusion-image-element \" style=\"--awb-caption-title-font-family:var(--h2_typography-font-family);--awb-caption-title-font-weight:var(--h2_typography-font-weight);--awb-caption-title-font-style:var(--h2_typography-font-style);--awb-caption-title-size:var(--h2_typography-font-size);--awb-caption-title-transform:var(--h2_typography-text-transform);--awb-caption-title-line-height:var(--h2_typography-line-height);--awb-caption-title-letter-spacing:var(--h2_typography-letter-spacing);\"><span class=\" fusion-imageframe imageframe-none imageframe-1 hover-type-none\" style=\"border-radius:8px;\"><img decoding=\"async\" width=\"1354\" height=\"805\" title=\"exterior\" src=\"https:\/\/autogarrigues.com\/wp-content\/uploads\/2025\/10\/exterior.jpg\" data-orig-src=\"https:\/\/autogarrigues.com\/wp-content\/uploads\/2025\/10\/exterior.jpg\" alt class=\"lazyload img-responsive wp-image-1603\" srcset=\"data:image\/svg+xml,%3Csvg%20xmlns%3D%27http%3A%2F%2Fwww.w3.org%2F2000%2Fsvg%27%20width%3D%271354%27%20height%3D%27805%27%20viewBox%3D%270%200%201354%20805%27%3E%3Crect%20width%3D%271354%27%20height%3D%27805%27%20fill-opacity%3D%220%22%2F%3E%3C%2Fsvg%3E\" data-srcset=\"https:\/\/autogarrigues.com\/wp-content\/uploads\/2025\/10\/exterior-200x119.jpg 200w, https:\/\/autogarrigues.com\/wp-content\/uploads\/2025\/10\/exterior-400x238.jpg 400w, https:\/\/autogarrigues.com\/wp-content\/uploads\/2025\/10\/exterior-600x357.jpg 600w, https:\/\/autogarrigues.com\/wp-content\/uploads\/2025\/10\/exterior-800x476.jpg 800w, https:\/\/autogarrigues.com\/wp-content\/uploads\/2025\/10\/exterior-1200x713.jpg 1200w, https:\/\/autogarrigues.com\/wp-content\/uploads\/2025\/10\/exterior.jpg 1354w\" data-sizes=\"auto\" data-orig-sizes=\"(max-width: 820px) 100vw, 800px\" \/><\/span><\/div><\/div><\/div><div class=\"fusion-layout-column fusion_builder_column fusion-builder-column-3 fusion_builder_column_1_1 1_1 fusion-flex-column\" style=\"--awb-bg-size:cover;--awb-width-large:100%;--awb-margin-top-large:0px;--awb-spacing-right-large:1.92%;--awb-margin-bottom-large:20px;--awb-spacing-left-large:1.92%;--awb-width-medium:100%;--awb-order-medium:0;--awb-spacing-right-medium:1.92%;--awb-spacing-left-medium:1.92%;--awb-width-small:100%;--awb-order-small:0;--awb-spacing-right-small:1.92%;--awb-spacing-left-small:1.92%;\"><div class=\"fusion-column-wrapper fusion-column-has-shadow fusion-flex-justify-content-flex-start fusion-content-layout-column\"><div class=\"fusion-text fusion-text-3\" style=\"--awb-font-size:19px;\"><p>Nos dedicamos a la compra de veh\u00edculos siniestrados, la recogida de veh\u00edculos, la venta de repuestos de ocasi\u00f3n y nuevos, as\u00ed como de aclarar las dudas que pueda tener en caso de siniestro.<\/p>\n<p>Consulte nuestros servicios, as\u00ed como nuestra labor de reciclaje comprometida con el medio ambiente.<\/p>\n<p>Desde hace 25 a\u00f1os, en Desguaces Auto-Garrigues trabajamos, codo con codo, con profesionales cualificados para ofrecerle el mejor servicio de desguace, recuperaci\u00f3n y venta de piezas de ocasi\u00f3n, as\u00ed como el tratamiento responsable de las sustancias contaminantes de su veh\u00edculo (aceites, filtros, gases&#8230;), siempre teniendo en cuenta la importancia del cuidado de nuestro planeta.<\/p>\n<p>Porque nuestro objetivo es cuidar el planeta, reciclamos de forma responsable y alargamos la vida de su veh\u00edculo. Por eso, nos esforzamos por encontrar los repuestos de ocasi\u00f3n o nuevos que necesite para su autom\u00f3vil.<\/p>\n<p>En Auto-Garrigues nos ocupamos de todos los tr\u00e1mites requeridos por la ley al ocurrir un siniestro: desde la retirada del veh\u00edculo en el lugar de los hechos hasta el certificado de baja y destrucci\u00f3n de su coche.<\/p>\n<\/div><\/div><\/div><\/div><\/div><div class=\"fusion-fullwidth fullwidth-box fusion-builder-row-3 fusion-flex-container nonhundred-percent-fullwidth non-hundred-percent-height-scrolling\" style=\"--awb-border-radius-top-left:0px;--awb-border-radius-top-right:0px;--awb-border-radius-bottom-right:0px;--awb-border-radius-bottom-left:0px;--awb-padding-bottom:115px;--awb-padding-bottom-medium:70px;--awb-margin-bottom:0px;--awb-background-image:linear-gradient(180deg, var(--awb-color1) 0%,hsla(var(--awb-color8-h),var(--awb-color8-s),calc( var(--awb-color8-l) + 97% ),var(--awb-color8-a)) 100%);--awb-flex-wrap:wrap;\" ><div class=\"fusion-builder-row fusion-row fusion-flex-align-items-stretch fusion-flex-content-wrap\" style=\"max-width:calc( 1370px + 20px );margin-left: calc(-20px \/ 2 );margin-right: calc(-20px \/ 2 );\"><div class=\"fusion-layout-column fusion_builder_column fusion-builder-column-4 fusion_builder_column_1_4 1_4 fusion-flex-column\" style=\"--awb-padding-top:4vw;--awb-padding-right:2vw;--awb-padding-bottom:2.5vw;--awb-padding-left:2vw;--awb-padding-top-small:75px;--awb-padding-bottom-small:60px;--awb-overflow:hidden;--awb-bg-color:var(--awb-color1);--awb-bg-color-hover:var(--awb-color1);--awb-bg-size:cover;--awb-box-shadow:0px 4px 25px 0px hsla(var(--awb-color8-h),var(--awb-color8-s),var(--awb-color8-l),calc( var(--awb-color8-a) - 93% ));;--awb-border-radius:8px 8px 8px 8px;--awb-width-large:25%;--awb-margin-top-large:0px;--awb-spacing-right-large:10px;--awb-margin-bottom-large:0px;--awb-spacing-left-large:10px;--awb-width-medium:25%;--awb-order-medium:0;--awb-spacing-right-medium:10px;--awb-spacing-left-medium:10px;--awb-width-small:100%;--awb-order-small:0;--awb-spacing-right-small:10px;--awb-margin-bottom-small:40px;--awb-spacing-left-small:10px;\"><div class=\"fusion-column-wrapper fusion-column-has-shadow fusion-flex-justify-content-flex-start fusion-content-layout-column\"><div class=\"fusion-title title fusion-title-4 fusion-no-medium-visibility fusion-sep-none fusion-title-center fusion-title-text fusion-title-size-three\" style=\"--awb-margin-bottom:0px;--awb-font-size:83px;\"><h3 class=\"fusion-title-heading title-heading-center\" style=\"margin:0;font-size:1em;line-height:1;\">33<\/h3><\/div><div class=\"fusion-title title fusion-title-5 fusion-no-small-visibility fusion-no-large-visibility fusion-sep-none fusion-title-center fusion-title-text fusion-title-size-three\" style=\"--awb-margin-bottom:0px;--awb-font-size:63px;\"><h3 class=\"fusion-title-heading title-heading-center\" style=\"margin:0;font-size:1em;line-height:1;\">33<\/h3><\/div><div class=\"fusion-text fusion-text-4\" style=\"--awb-content-alignment:center;--awb-line-height:1.5em;--awb-text-color:var(--awb-color5);\"><p>A\u00f1os de experiencia<\/p>\n<\/div><\/div><\/div><div class=\"fusion-layout-column fusion_builder_column fusion-builder-column-5 fusion_builder_column_1_4 1_4 fusion-flex-column\" style=\"--awb-padding-top:4vw;--awb-padding-right:2vw;--awb-padding-bottom:2.5vw;--awb-padding-left:2vw;--awb-padding-top-small:75px;--awb-padding-bottom-small:60px;--awb-overflow:hidden;--awb-bg-color:var(--awb-color1);--awb-bg-color-hover:var(--awb-color1);--awb-bg-size:cover;--awb-box-shadow:0px 4px 25px 0px hsla(var(--awb-color8-h),var(--awb-color8-s),var(--awb-color8-l),calc( var(--awb-color8-a) - 93% ));;--awb-border-radius:8px 8px 8px 8px;--awb-width-large:25%;--awb-margin-top-large:0px;--awb-spacing-right-large:10px;--awb-margin-bottom-large:0px;--awb-spacing-left-large:10px;--awb-width-medium:25%;--awb-order-medium:0;--awb-spacing-right-medium:10px;--awb-spacing-left-medium:10px;--awb-width-small:100%;--awb-order-small:0;--awb-spacing-right-small:10px;--awb-margin-bottom-small:40px;--awb-spacing-left-small:10px;\"><div class=\"fusion-column-wrapper fusion-column-has-shadow fusion-flex-justify-content-flex-start fusion-content-layout-column\"><div class=\"fusion-title title fusion-title-6 fusion-no-medium-visibility fusion-sep-none fusion-title-center fusion-title-text fusion-title-size-three\" style=\"--awb-margin-bottom:0px;--awb-font-size:83px;\"><h3 class=\"fusion-title-heading title-heading-center\" style=\"margin:0;font-size:1em;line-height:1;\">10<\/h3><\/div><div class=\"fusion-title title fusion-title-7 fusion-no-small-visibility fusion-no-large-visibility fusion-sep-none fusion-title-center fusion-title-text fusion-title-size-three\" style=\"--awb-margin-bottom:0px;--awb-font-size:63px;\"><h3 class=\"fusion-title-heading title-heading-center\" style=\"margin:0;font-size:1em;line-height:1;\">10<\/h3><\/div><div class=\"fusion-text fusion-text-5\" style=\"--awb-content-alignment:center;--awb-line-height:1.5em;--awb-text-color:var(--awb-color5);\"><p>Empleados incre\u00edbles<\/p>\n<\/div><\/div><\/div><div class=\"fusion-layout-column fusion_builder_column fusion-builder-column-6 fusion_builder_column_1_4 1_4 fusion-flex-column\" style=\"--awb-padding-top:4vw;--awb-padding-right:2vw;--awb-padding-bottom:2.5vw;--awb-padding-left:2vw;--awb-padding-top-small:75px;--awb-padding-bottom-small:60px;--awb-overflow:hidden;--awb-bg-color:var(--awb-color1);--awb-bg-color-hover:var(--awb-color1);--awb-bg-size:cover;--awb-box-shadow:0px 4px 25px 0px hsla(var(--awb-color8-h),var(--awb-color8-s),var(--awb-color8-l),calc( var(--awb-color8-a) - 93% ));;--awb-border-radius:8px 8px 8px 8px;--awb-width-large:25%;--awb-margin-top-large:0px;--awb-spacing-right-large:10px;--awb-margin-bottom-large:0px;--awb-spacing-left-large:10px;--awb-width-medium:25%;--awb-order-medium:0;--awb-spacing-right-medium:10px;--awb-spacing-left-medium:10px;--awb-width-small:100%;--awb-order-small:0;--awb-spacing-right-small:10px;--awb-margin-bottom-small:40px;--awb-spacing-left-small:10px;\"><div class=\"fusion-column-wrapper fusion-column-has-shadow fusion-flex-justify-content-flex-start fusion-content-layout-column\"><div class=\"fusion-title title fusion-title-8 fusion-no-medium-visibility fusion-sep-none fusion-title-center fusion-title-text fusion-title-size-three\" style=\"--awb-margin-bottom:0px;--awb-font-size:83px;\"><h3 class=\"fusion-title-heading title-heading-center\" style=\"margin:0;font-size:1em;line-height:1;\">500k+<\/h3><\/div><div class=\"fusion-title title fusion-title-9 fusion-no-small-visibility fusion-no-large-visibility fusion-sep-none fusion-title-center fusion-title-text fusion-title-size-three\" style=\"--awb-margin-bottom:0px;--awb-font-size:63px;\"><h3 class=\"fusion-title-heading title-heading-center\" style=\"margin:0;font-size:1em;line-height:1;\">500k+<\/h3><\/div><div class=\"fusion-text fusion-text-6\" style=\"--awb-content-alignment:center;--awb-line-height:1.5em;--awb-text-color:var(--awb-color5);\"><p>Horas de trabajo<\/p>\n<\/div><\/div><\/div><div class=\"fusion-layout-column fusion_builder_column fusion-builder-column-7 fusion_builder_column_1_4 1_4 fusion-flex-column\" style=\"--awb-padding-top:4vw;--awb-padding-right:2vw;--awb-padding-bottom:2.5vw;--awb-padding-left:2vw;--awb-padding-top-small:75px;--awb-padding-bottom-small:60px;--awb-overflow:hidden;--awb-bg-color:var(--awb-color1);--awb-bg-color-hover:var(--awb-color1);--awb-bg-size:cover;--awb-box-shadow:0px 4px 25px 0px hsla(var(--awb-color8-h),var(--awb-color8-s),var(--awb-color8-l),calc( var(--awb-color8-a) - 93% ));;--awb-border-radius:8px 8px 8px 8px;--awb-width-large:25%;--awb-margin-top-large:0px;--awb-spacing-right-large:10px;--awb-margin-bottom-large:0px;--awb-spacing-left-large:10px;--awb-width-medium:25%;--awb-order-medium:0;--awb-spacing-right-medium:10px;--awb-spacing-left-medium:10px;--awb-width-small:100%;--awb-order-small:0;--awb-spacing-right-small:10px;--awb-spacing-left-small:10px;\"><div class=\"fusion-column-wrapper fusion-column-has-shadow fusion-flex-justify-content-flex-start fusion-content-layout-column\"><div class=\"fusion-title title fusion-title-10 fusion-no-medium-visibility fusion-sep-none fusion-title-center fusion-title-text fusion-title-size-three\" style=\"--awb-margin-bottom:0px;--awb-font-size:83px;\"><h3 class=\"fusion-title-heading title-heading-center\" style=\"margin:0;font-size:1em;line-height:1;\">50k+<\/h3><\/div><div class=\"fusion-title title fusion-title-11 fusion-no-small-visibility fusion-no-large-visibility fusion-sep-none fusion-title-center fusion-title-text fusion-title-size-three\" style=\"--awb-margin-bottom:0px;--awb-font-size:63px;\"><h3 class=\"fusion-title-heading title-heading-center\" style=\"margin:0;font-size:1em;line-height:1;\">50k+<\/h3><\/div><div class=\"fusion-text fusion-text-7\" style=\"--awb-content-alignment:center;--awb-line-height:1.5em;--awb-text-color:var(--awb-color5);\"><p>Clientes satisfechos<\/p>\n<\/div><\/div><\/div><\/div><\/div><\/p>\n","protected":false},"excerpt":{"rendered":"","protected":false},"author":1,"featured_media":0,"parent":0,"menu_order":0,"comment_status":"closed","ping_status":"closed","template":"100-width.php","meta":{"footnotes":""},"class_list":["post-1672","page","type-page","status-publish","hentry"],"_links":{"self":[{"href":"https:\/\/autogarrigues.com\/index.php\/wp-json\/wp\/v2\/pages\/1672","targetHints":{"allow":["GET"]}}],"collection":[{"href":"https:\/\/autogarrigues.com\/index.php\/wp-json\/wp\/v2\/pages"}],"about":[{"href":"https:\/\/autogarrigues.com\/index.php\/wp-json\/wp\/v2\/types\/page"}],"author":[{"embeddable":true,"href":"https:\/\/autogarrigues.com\/index.php\/wp-json\/wp\/v2\/users\/1"}],"replies":[{"embeddable":true,"href":"https:\/\/autogarrigues.com\/index.php\/wp-json\/wp\/v2\/comments?post=1672"}],"version-history":[{"count":5,"href":"https:\/\/autogarrigues.com\/index.php\/wp-json\/wp\/v2\/pages\/1672\/revisions"}],"predecessor-version":[{"id":1739,"href":"https:\/\/autogarrigues.com\/index.php\/wp-json\/wp\/v2\/pages\/1672\/revisions\/1739"}],"wp:attachment":[{"href":"https:\/\/autogarrigues.com\/index.php\/wp-json\/wp\/v2\/media?parent=1672"}],"curies":[{"name":"wp","href":"https:\/\/api.w.org\/{rel}","templated":true}]}}