{"id":1663,"date":"2025-10-13T15:21:25","date_gmt":"2025-10-13T15:21:25","guid":{"rendered":"https:\/\/autogarrigues.com\/?page_id=1663"},"modified":"2025-10-14T12:24:51","modified_gmt":"2025-10-14T12:24:51","slug":"propiedad-intelectual-y-derechos-de-autor","status":"publish","type":"page","link":"https:\/\/autogarrigues.com\/index.php\/es\/propiedad-intelectual-y-derechos-de-autor\/","title":{"rendered":"propiedad intelectual y derechos de autor"},"content":{"rendered":"<div class=\"fusion-fullwidth fullwidth-box fusion-builder-row-1 fusion-flex-container nonhundred-percent-fullwidth non-hundred-percent-height-scrolling\" style=\"--awb-border-radius-top-left:0px;--awb-border-radius-top-right:0px;--awb-border-radius-bottom-right:0px;--awb-border-radius-bottom-left:0px;--awb-flex-wrap:wrap;\" ><div class=\"fusion-builder-row fusion-row fusion-flex-align-items-flex-start fusion-flex-content-wrap\" style=\"max-width:1424.8px;margin-left: calc(-4% \/ 2 );margin-right: calc(-4% \/ 2 );\"><div class=\"fusion-layout-column fusion_builder_column fusion-builder-column-0 fusion_builder_column_1_1 1_1 fusion-flex-column\" style=\"--awb-bg-size:cover;--awb-width-large:100%;--awb-margin-top-large:0px;--awb-spacing-right-large:1.92%;--awb-margin-bottom-large:0px;--awb-spacing-left-large:1.92%;--awb-width-medium:100%;--awb-spacing-right-medium:1.92%;--awb-spacing-left-medium:1.92%;--awb-width-small:100%;--awb-spacing-right-small:1.92%;--awb-spacing-left-small:1.92%;\"><div class=\"fusion-column-wrapper fusion-flex-justify-content-flex-start fusion-content-layout-column\"><div class=\"fusion-text fusion-text-1\"><h1><strong>Pol\u00edtica de privacidad<\/strong><\/h1>\n<p>Desguaces Auto-Garrigues, S.L.U. le informa sobre nuestra Pol\u00edtica de Privacidad respecto al tratamiento y protecci\u00f3n de los datos de car\u00e1cter personal de los usuarios que puedan ser solicitados durante la navegaci\u00f3n a trav\u00e9s del sitio web https:\/\/autogarrigues.com<\/p>\n<p><strong>Identidad del responsable<\/strong><\/p>\n<p>Titular: Desguaces Auto-Garrigues, S.L.U.<br \/>\nCIF: B25579335<br \/>\nDatos registrales: Inscrita en el Registro Mercantil de Lleida, N\u00ba, Tomo, Folio, Seco. GNE, Hoja .<br \/>\nDomicilio: Ctra. Arbeca , s\/n Aptado Correo 37.<br \/>\n25400 &#8211; Les Borges Blanques ( Lleida ).<br \/>\nTel: 973 14 20 73<br \/>\nCorreo electr\u00f3nico: autogarrigues@autogarrigues.com<br \/>\nSitio Web: https:\/\/autogarrigues.com<\/p>\n<p><strong>Propiedad Intelectual y derechos de autor.<\/strong><\/p>\n<p>Todas las im\u00e1genes e iconos que aparecen en esta web son propiedad de sus respectivos propietarios, que tienen copyright y Forsys Software S.L.U. ha pagado sus derechos de uso, el usuario\/visitante entiende y acepta que no puede copiar ni utilizarlos en otras webs u otros medios.<\/p>\n<p>Si cree que alg\u00fan contenido y\/o informaci\u00f3n de esta web vulnera alg\u00fan derecho o legalidad vigente no dude en ponerse en contacto con nosotros en legal@fortitsystems.com<\/p>\n<p><strong>Pol\u00edtica de privacidad.<\/strong><\/p>\n<p>Por medio de nuestra pol\u00edtica de privacidad le ponemos al corriente de las debidas condiciones de uso en este sitio.<\/p>\n<p>La utilizaci\u00f3n de \u00e9stos implica su plena aceptaci\u00f3n y sin reservas en todas y cada una de las disposiciones incluidas en este Aviso Legal, por lo que si no est\u00e1 de acuerdo con cualquiera de las condiciones aqu\u00ed establecidas, no deber\u00e1 usar y\/o acceder a este sitio.<\/p>\n<p>Reservamos el derecho a modificar esta Declaraci\u00f3n de Privacidad en cualquier momento. Su uso continuo de cualquier parte de este sitio despu\u00e9s de la notificaci\u00f3n o el anuncio de estas modificaciones constituye su aceptaci\u00f3n de estos cambios.<\/p>\n<p><strong>Cookies o Cookies.<\/strong><\/p>\n<p>Este sitio hace uso de cookies, que son peque\u00f1os archivos de datos que se generan en su ordenador, el cual env\u00eda informaci\u00f3n sin proporcionar referencias que permitan deducir datos personales del mismo.<\/p>\n<p>Puede configurar su navegador para que notifique y rechace la instalaci\u00f3n de las cookies enviadas por este sitio, sin que ello perjudique la posibilidad de acceder a los contenidos. Sin embargo, no nos responsabilizamos de que la desactivaci\u00f3n de los mismos impida el buen funcionamiento del sitio.<\/p>\n<p><strong>Marcas Web o Web Beacons.<\/strong><\/p>\n<p>Al igual que las cookies este sitio tambi\u00e9n puede contener web beacons, un fichero electr\u00f3nico gr\u00e1fico que permite contabilizar a los usuarios que acceden al sitio o acceden a determinadas cookies del mismo, de esta forma, podremos ofrecerle una experiencia a\u00fan m\u00e1s personalizada.<\/p>\n<p><strong>Acciones de Terceros.<\/strong><\/p>\n<p>Asimismo, encontrar\u00e1 dentro de este sitio, p\u00e1ginas, promociones, micrositios, tiendas virtuales, encuestas, patrocinadores, publicistas, contratistas y\/o socios y servicios comerciales, en conjunto con otros servicios compartidos, propios o cubreados con terceros (\u201cLugares Cubreados\u201d) que le podr\u00e1n solicitar Informaci\u00f3n. La Informaci\u00f3n que se proporcione en estos Sitios Cubreados est\u00e1 sujeta a las pol\u00edticas de privacidad o leyendas de responsabilidad de Informaci\u00f3n que se desplieguen en estos Sitios y no estar\u00e1 sujeta a esta pol\u00edtica de privacidad. Por eso recomendamos ampliamente a los Usuarios a revisar detalladamente las pol\u00edticas de privacidad que se desplieguen en los Sitios Cubreados.<\/p>\n<p><strong>Pol\u00edtica de privacidad de la publicidad proporcionada en este sitio:<\/strong><\/p>\n<p>Google Adsense: http:\/\/www.google.com\/intl\/es_ALL\/privacypolicy.html<\/p>\n<p>Nosotros estudiamos las preferencias de nuestros usuarios, sus caracter\u00edsticas demogr\u00e1ficas, sus patrones de tr\u00e1fico, y otra informaci\u00f3n en su conjunto para comprender mejor qui\u00e9n constituye nuestra audiencia y qu\u00e9 es lo que usted necesita. El rastreo de las preferencias de nuestros usuarios tambi\u00e9n nos ayuda a servirle los avisos publicitarios m\u00e1s relevantes.<\/p>\n<p>Pol\u00edtica De Privacidad De Fuentes De Rastreo Utilizadas En Este Sitio:<\/p>\n<p>Google (Analytics): http:\/\/www.google.com\/intl\/es_ALL\/privacypolicy.html<\/p>\n<p>Piwik<\/p>\n<p><strong>Principios aplicados al tratamiento de datos<\/strong><\/p>\n<p>En el tratamiento de sus datos personales, el Titular aplicar\u00e1 los siguientes principios que se ajustan a las exigencias del nuevo reglamento europeo de protecci\u00f3n de datos (RGPD):<\/p>\n<ul>\n<li><strong>Principio de licitud, lealtad y transparencia<\/strong>: El Titular siempre requerir\u00e1 el consentimiento para el tratamiento de los datos personales que puede ser para uno o varios fines espec\u00edficos sobre los que el Titular informar\u00e1 al Usuario previamente con absoluta transparencia.<\/li>\n<li><strong>Principio de minimizaci\u00f3n de datos<\/strong>: El Titular solicitar\u00e1 s\u00f3lo los datos estrictamente necesarios para la finalidad o hasta que los solicita.<\/li>\n<li><strong>Principio de limitaci\u00f3n del plazo de conservaci\u00f3n<\/strong>: El Titular mantendr\u00e1 los datos personales recabados durante el tiempo estrictamente necesario para el fin o fines del tratamiento.<\/li>\n<li><strong>Principio de integridad y confidencialidad<\/strong>: Los datos personales recogidos ser\u00e1n tratados de forma que su seguridad, confidencialidad e integridad est\u00e9 garantizada. El Titular toma las precauciones necesarias para evitar el acceso no autorizado o uso indebido de los datos de los usuarios por parte de terceros.<\/li>\n<\/ul>\n<p><strong>Pol\u00edtica de protecci\u00f3n de datos personales.<\/strong><\/p>\n<p>Para utilizar algunos de los servicios o acceder a determinados contenidos, deber\u00e1 proporcionar previamente ciertos datos de car\u00e1cter personal, que s\u00f3lo ser\u00e1n utilizados para el prop\u00f3sito que fueron recopilados.<\/p>\n<p>El tipo de la posible Informaci\u00f3n que se le sea solicitada incluye, de forma enunciativa m\u00e1s no limitativa, su nombre, direcci\u00f3n de correo electr\u00f3nico (e-mail), fecha de nacimiento, sexo, ocupaci\u00f3n, pa\u00eds y ciudad de origen e intereses personales, entre otros, no toda la Informaci\u00f3n solicitada en el momento de participar en el lugar es obligatorio proporcionarla.<\/p>\n<p>Como principio general, este sitio no comparte ni revela informaci\u00f3n obtenida, salvo cuando haya sido autorizada por usted, o en los siguientes casos: a) Cuando le sea requerido por una autoridad competente y previo cumplimiento del tr\u00e1mite legal correspondiente y b) Cuando a juicio de este sitio sea necesario para hacer cumplir las condiciones de uso y otros t\u00e9rminos de esta p\u00e1gina, o para salvaguardar la integridad de los dem\u00e1s usuarios. Deber\u00e1 estar consciente de que si voluntariamente revela informaci\u00f3n personal online en un \u00e1rea p\u00fablica, esta informaci\u00f3n puede ser recogida y usada por otros. Nosotros no controlamos las acciones de nuestros visitantes y usuarios.<\/p>\n<p><strong>Derechos<\/strong><\/p>\n<p>El Titular le informa que sobre sus datos personales tiene derecho a:<\/p>\n<ul>\n<li style=\"list-style-type: none;\">\n<ul>\n<li>Solicitar el acceso a los datos almacenados.<\/li>\n<li>Solicitar una rectificaci\u00f3n o cancelaci\u00f3n.<\/li>\n<\/ul>\n<\/li>\n<\/ul>\n<ul>\n<li>Solicitar la limitaci\u00f3n del tratamiento.<\/li>\n<li>Oponerse al tratamiento.<\/li>\n<\/ul>\n<p><strong>Conducta Responsable.<\/strong><\/p>\n<p>Toda la informaci\u00f3n que facilite deber\u00e1 ser veraz. A estos efectos, usted garantiza la autenticidad de todos aquellos datos que comunique como consecuencia de la cumplimentaci\u00f3n de los formularios necesarios para la suscripci\u00f3n de los Servicios, acceso a contenidos o \u00e1reas restringidas del sitio. En todo caso usted ser\u00e1 el \u00fanico responsable de las manifestaciones falsas o inexactas que realice y de los perjuicios que cause a este sitio o a terceros por la informaci\u00f3n que facilite.<\/p>\n<p>Usted se compromete a actuar en forma responsable en este sitio y a tratar a otros visitantes con respeto.<\/p>\n<p><strong>JURISDICCI\u00d3N Y LEYES APLICABLES<\/strong><\/p>\n<p>Cualquier controversia relativa a las prestaciones de servicios comerciales de este sitio web y\/o uso y acceso a este sitio, as\u00ed como cualquier relaci\u00f3n entre usted como cliente o usuario y Desguaces Auto-Garrigues, se regir\u00e1 por la legislaci\u00f3n espa\u00f1ola, renunciando expresamente las partes a las que corresponda, y someti\u00e9ndose a los Juzgados y Tribunales de Lleida. El cliente o usuario, por virtud de su aceptaci\u00f3n a las condiciones generales recogidas en este aviso legal, renuncia expresamente a cualquier fuero que, por aplicaci\u00f3n de la vigente Ley de Enjuiciamiento Civil, pueda corresponderle.<\/p>\n<p>Se entiende por cliente aquellas personas o entes jur\u00eddicos que tienen una relaci\u00f3n contractual con Desguaces Auto-Garrigues S.L.U. , han pagado una cuota por un determinado per\u00edodo o han abonado un importe por un servicio.<\/p>\n<p>Un usuario o visitante es aquel que utiliza alg\u00fan producto o servicio de Desguaces Auto-Garrigues S.L.U. sin abonar ninguna cuota ni importe.<\/p>\n<\/div><\/div><\/div><\/div><\/div>\n","protected":false},"excerpt":{"rendered":"","protected":false},"author":1,"featured_media":0,"parent":0,"menu_order":0,"comment_status":"closed","ping_status":"closed","template":"","meta":{"footnotes":""},"class_list":["post-1663","page","type-page","status-publish","hentry"],"_links":{"self":[{"href":"https:\/\/autogarrigues.com\/index.php\/wp-json\/wp\/v2\/pages\/1663","targetHints":{"allow":["GET"]}}],"collection":[{"href":"https:\/\/autogarrigues.com\/index.php\/wp-json\/wp\/v2\/pages"}],"about":[{"href":"https:\/\/autogarrigues.com\/index.php\/wp-json\/wp\/v2\/types\/page"}],"author":[{"embeddable":true,"href":"https:\/\/autogarrigues.com\/index.php\/wp-json\/wp\/v2\/users\/1"}],"replies":[{"embeddable":true,"href":"https:\/\/autogarrigues.com\/index.php\/wp-json\/wp\/v2\/comments?post=1663"}],"version-history":[{"count":6,"href":"https:\/\/autogarrigues.com\/index.php\/wp-json\/wp\/v2\/pages\/1663\/revisions"}],"predecessor-version":[{"id":1736,"href":"https:\/\/autogarrigues.com\/index.php\/wp-json\/wp\/v2\/pages\/1663\/revisions\/1736"}],"wp:attachment":[{"href":"https:\/\/autogarrigues.com\/index.php\/wp-json\/wp\/v2\/media?parent=1663"}],"curies":[{"name":"wp","href":"https:\/\/api.w.org\/{rel}","templated":true}]}}