{"id":1551,"date":"2025-06-29T11:15:10","date_gmt":"2025-06-29T11:15:10","guid":{"rendered":"https:\/\/autogarrigues.com\/?page_id=1551"},"modified":"2025-10-14T12:24:13","modified_gmt":"2025-10-14T12:24:13","slug":"propietat-intelectual-i-drets-autor","status":"publish","type":"page","link":"https:\/\/autogarrigues.com\/index.php\/propietat-intelectual-i-drets-autor\/","title":{"rendered":"Propietat intelectual i drets autor"},"content":{"rendered":"<h1><strong>Pol\u00edtica de privadesa<\/strong><\/h1>\n<p>Desballestaments Auto-Garrigues, S.L.U. us informa sobre la nostra Pol\u00edtica de Privadesa respecte del tractament i protecci\u00f3 de les dades de car\u00e0cter personal dels usuaris que puguin ser demanats durant la navegaci\u00f3 a trav\u00e9s del lloc web https:\/\/autogarrigues.com<\/p>\n<p><strong>Identitat del responsable<\/strong><\/p>\n<p>Titular: Desballestaments Auto-Garrigues, S.L.U.<br \/>\nCIF: B25579335<br \/>\nDades registrals: Inscrita en el Registre Mercantil de Lleida, N\u00ba , Tomo , Folio , Sec. GNE, Hoja .<br \/>\nDomicili: Ctra. Arbeca , s\/n Aptat Correu 37.<br \/>\n25400 &#8211; Les Borges Blanques ( Lleida ).<br \/>\nTel: 973 14 20 73<br \/>\nCorreu electr\u00f2nic: autogarrigues@autogarrigues.com<br \/>\nLloc Web: https:\/\/autogarrigues.com<\/p>\n<p><strong>Propietat Intel\u00b7lectual i drets d\u00b4autor.<\/strong><\/p>\n<p>Totes les imatges i icones que apareixen en aquesta web s\u00f3n propietat dels seus respectius propietaris, els quals tenen copyright i Forsys Software S.L.U. ha pagat els seus drets d&#8217;\u00fas, l&#8217;usuari\/visitant ent\u00e9n i accepta que no pot copiar ni fer-los servir en altres webs o altres mitjans.<\/p>\n<p>Si creieu que algun contingut i\/o informaci\u00f3 d&#8217;aquesta web vulnera algun dret o legalitat vigent no dubteu a posar-vos en contacte amb nosaltres a legal@fortitsystems.com<\/p>\n<p><strong>Pol\u00edtica de privadesa.<\/strong><\/p>\n<p>Per mitj\u00e0 de la nostra pol\u00edtica de privadesa us posem al corrent de les degudes condicions d&#8217;\u00fas en aquest lloc.<\/p>\n<p>La utilitzaci\u00f3 d&#8217;aquests implica la seva acceptaci\u00f3 plena i sense reserves a totes i cadascuna de les disposicions incloses en aquest Av\u00eds Legal, per la qual cosa si no esteu d&#8217;acord amb qualsevol de les condicions aqu\u00ed establertes, no haureu d&#8217;usar i\/o accedir a aquest lloc.<\/p>\n<p>Reservem el dret a modificar aquesta Declaraci\u00f3 de privadesa en qualsevol moment. El seu \u00fas continu de qualsevol part d&#8217;aquest lloc despr\u00e9s de la notificaci\u00f3 o l&#8217;anunci d&#8217;aquestes modificacions constitueix la seva acceptaci\u00f3 d&#8217;aquests canvis.<\/p>\n<p><strong>Galetes o Cookies.<\/strong><\/p>\n<p>Aquest lloc fa \u00fas de cookies, el qual s\u00f3n petits fitxers de dades que es generen al vostre ordinador, el qual envia informaci\u00f3 sense proporcionar refer\u00e8ncies que permetin deduir dades personals d&#8217;aquest.<\/p>\n<p>Podeu configurar el vostre navegador perqu\u00e8 notifiqui i rebutgi la instal\u00b7laci\u00f3 de les cookies enviades per aquest lloc, sense que aix\u00f2 perjudiqui la possibilitat d&#8217;accedir als continguts. Tot i aix\u00f2, no ens responsabilitzem que la desactivaci\u00f3 dels mateixos impedeixi el bon funcionament del lloc.<\/p>\n<p><strong>Marques Web o Web Beacons.<\/strong><\/p>\n<p>Igual que les cookies aquest lloc tamb\u00e9 pot contenir web beacons, un fitxer electr\u00f2nic gr\u00e0fic que permet comptabilitzar els usuaris que accedeixen al lloc o accedeixen a determinades cookies del mateix, d&#8217;aquesta manera, podrem oferir-vos una experi\u00e8ncia encara m\u00e9s personalitzada.<\/p>\n<p><strong>Accions de Tercers.<\/strong><\/p>\n<p>Aix\u00ed mateix, trobareu dins d&#8217;aquest lloc, p\u00e0gines, promocions, microllocs, botigues virtuals, enquestes, patrocinadors, publicistes, contractistes i\/o socis i serveis comercials, en conjunt amb altres serveis compartits, propis o cobrejats amb tercers (\u201cLlocs Cobrejats\u201d) que us podran sol\u00b7licitar Informaci\u00f3. La Informaci\u00f3 que es proporcioni en aquests Llocs Cobrejats est\u00e0 subjecta a les pol\u00edtiques de privadesa o llegendes de responsabilitat d&#8217;Informaci\u00f3 que es despleguin en aquests Llocs i no estar\u00e0 subjecta a aquesta pol\u00edtica de privadesa. Per aix\u00f2 recomanem \u00e0mpliament als Usuaris a revisar detalladament les pol\u00edtiques de privadesa que es despleguin en els Llocs Cobrejats.<\/p>\n<p><strong>Pol\u00edtica De Privadesa De La Publicitat Proporcionada En Aquest Lloc:<\/strong><\/p>\n<p>Google Adsense: http:\/\/www.google.com\/intl\/es_ALL\/privacypolicy.html<\/p>\n<p>Nosaltres estudiem les prefer\u00e8ncies dels nostres usuaris, les seves caracter\u00edstiques demogr\u00e0fiques, els seus patrons de tr\u00e0nsit, i una altra informaci\u00f3 en conjunt per comprendre millor qui constitueix la nostra audi\u00e8ncia i qu\u00e8 \u00e9s el que vost\u00e8 necessita. El rastreig de les prefer\u00e8ncies dels nostres usuaris tamb\u00e9 ens ajuda a servir-vos els avisos publicitaris m\u00e9s rellevants.<\/p>\n<p>Pol\u00edtica De Privadesa De Fonts De Rastreig Utilitzades En Aquest Lloc:<\/p>\n<p>Google (Analytics): http:\/\/www.google.com\/intl\/es_ALL\/privacypolicy.html<\/p>\n<p>Piwik<\/p>\n<p><strong>Principis aplicats al tractament de dades<\/strong><\/p>\n<p>En el tractament de les vostres dades personals, el Titular aplicar\u00e0 els seg\u00fcents principis que s&#8217;ajusten a les exig\u00e8ncies del nou reglament europeu de protecci\u00f3 de dades (RGPD):<\/p>\n<ul>\n<li><strong>Principi de licitud, lleialtat i transpar\u00e8ncia<\/strong>: El Titular sempre requerir\u00e0 el consentiment per al tractament de les dades personals que pot ser per a un o diversos fins espec\u00edfics sobre els quals el Titular informar\u00e0 l&#8217;Usuari pr\u00e8viament amb absoluta transpar\u00e8ncia.<\/li>\n<li><strong>Principi de minimitzaci\u00f3 de dades<\/strong>: El Titular sol\u00b7licitar\u00e0 nom\u00e9s les dades estrictament necess\u00e0ries per a la finalitat o fins que les sol\u00b7licita.<\/li>\n<li><strong>Principi de limitaci\u00f3 del termini de conservaci\u00f3<\/strong>: El Titular mantindr\u00e0 les dades personals demanades durant el temps estrictament necessari per a la fi o fins del tractament.<\/li>\n<li><strong>Principi d&#8217;integritat i confidencialitat<\/strong>: Les dades personals recollides seran tractades de manera que la seva seguretat, confidencialitat i integritat estigui garantida.El Titular pren les precaucions necess\u00e0ries per evitar l&#8217;acc\u00e9s no autoritzat o \u00fas indegut de les dades dels usuaris per part de tercers.<\/li>\n<\/ul>\n<p><strong>Pol\u00edtica de protecci\u00f3 de dades personals.<\/strong><\/p>\n<p>Per utilitzar alguns dels serveis o accedir a determinats continguts, haureu de proporcionar pr\u00e8viament certes dades de car\u00e0cter personal, que nom\u00e9s seran utilitzades per al prop\u00f2sit que van ser recopilats.<\/p>\n<p>El tipus de la possible Informaci\u00f3 que se li sigui sol\u00b7licitada inclou, de manera enunciativa m\u00e9s no limitativa, el seu nom, adre\u00e7a de correu electr\u00f2nic (e-mail), data de naixement, sexe, ocupaci\u00f3, pa\u00eds i ciutat d&#8217;origen i interessos personals, entre d&#8217;altres, no tota la Informaci\u00f3 sol\u00b7licitada al moment de participar al lloc \u00e9s obligat\u00f2ria de proporcionar-se, llevat d&#8217;aquella que considerem convenient i que aix\u00ed se li haja de fer.<\/p>\n<p>Com a principi general, aquest lloc no comparteix ni revela informaci\u00f3 obtinguda, excepte quan hagi estat autoritzada per vost\u00e8, o en els casos seg\u00fcents: a) Quan li sigui requerit per una autoritat competent i amb el compliment previ del tr\u00e0mit legal corresponent i b) Quan segons el parer d&#8217;aquest lloc sigui necessari per fer complir les condicions d&#8217;\u00fas i altres termes d&#8217;aquesta p\u00e0gina, o per salvaguardar la integritat dels altres usuaris o de l&#8217;usuari. Haureu d&#8217;estar conscient que si volunt\u00e0riament revela informaci\u00f3 personal en l\u00ednia en una \u00e0rea p\u00fablica, aquesta informaci\u00f3 pot ser recollida i usada per altres. Nosaltres no controlem les accions dels nostres visitants i usuaris.<\/p>\n<p><strong>Drets<\/strong><\/p>\n<p>El Titular us informa que sobre les vostres dades personals teniu dret a:<\/p>\n<ul>\n<li>Sol\u00b7licitar l&#8217;acc\u00e9s a les dades emmagatzemades.<\/li>\n<li>Sol\u00b7licitar una rectificaci\u00f3 o la cancel\u00b7laci\u00f3.<\/li>\n<li>Sol\u00b7licitar la limitaci\u00f3 del tractament.<\/li>\n<li>Oposar-se al tractament.<\/li>\n<\/ul>\n<p><strong>Conducta Responsable.<\/strong><\/p>\n<p>Tota la informaci\u00f3 que faciliti haur\u00e0 de ser vera\u00e7. A aquests efectes, vost\u00e8 garanteix l&#8217;autenticitat de totes aquelles dades que comuniqui com a conseq\u00fc\u00e8ncia de l&#8217;emplenament dels formularis necessaris per a la subscripci\u00f3 dels serveis, acc\u00e9s a continguts o \u00e0rees restringides del lloc. En tot cas, vost\u00e8 ser\u00e0 l&#8217;\u00fanic responsable de les manifestacions falses o inexactes que faci i dels perjudicis que causi a aquest lloc oa tercers per la informaci\u00f3 que faciliti.<\/p>\n<p>Vost\u00e8 es compromet a actuar de forma responsable en aquest lloc ia tractar altres visitants amb respecte.<\/p>\n<p>&nbsp;<\/p>\n<p><strong>JURISDICCI\u00d3 I LLEIS APLICABLES<\/strong><\/p>\n<p>Qualsevol controv\u00e8rsia relativa a les prestacions de serveis comercials d&#8217;aquest lloc web i\/o \u00fas i acc\u00e9s a aquest lloc, aix\u00ed com qualsevol relaci\u00f3 entre vost\u00e8 com a client o usuari i Desballestaments Auto-Garrigues, es regir\u00e0 per la legislaci\u00f3 espanyola, renunciant expressament les parts a qu\u00e8 correspongui, i sotmetent-se als Jutjats i Tribunals de Lleida. El client o usuari, per virtut de la seva acceptaci\u00f3 a les condicions generals recollides en aquest av\u00eds legal, renuncia expressament a qualsevol fur que, per aplicaci\u00f3 de la Llei d&#8217;Enjudiciament Civil vigent, li pugui correspondre.<\/p>\n<p>S&#8217;ent\u00e9n per client aquelles persones o ens jur\u00eddics que tenen una relaci\u00f3 contractual amb Desballestaments Auto-Garrigues S.L.U. , han pagat una quota per un determinat per\u00edode o han abonat un import per un servei.<\/p>\n<p>Un usuari o visitant \u00e9s aquell que utilitza algun producte o servei de Desballestaments Auto-Garrigues S.L.U. sense abonar cap quota ni import.<\/p>\n","protected":false},"excerpt":{"rendered":"<p>Pol\u00edtica de privadesa Desballestaments Auto-Garrigues, S.L.U. us informa sobre la  [&#8230;]<\/p>\n","protected":false},"author":1,"featured_media":0,"parent":0,"menu_order":0,"comment_status":"closed","ping_status":"closed","template":"","meta":{"footnotes":""},"class_list":["post-1551","page","type-page","status-publish","hentry"],"_links":{"self":[{"href":"https:\/\/autogarrigues.com\/index.php\/wp-json\/wp\/v2\/pages\/1551","targetHints":{"allow":["GET"]}}],"collection":[{"href":"https:\/\/autogarrigues.com\/index.php\/wp-json\/wp\/v2\/pages"}],"about":[{"href":"https:\/\/autogarrigues.com\/index.php\/wp-json\/wp\/v2\/types\/page"}],"author":[{"embeddable":true,"href":"https:\/\/autogarrigues.com\/index.php\/wp-json\/wp\/v2\/users\/1"}],"replies":[{"embeddable":true,"href":"https:\/\/autogarrigues.com\/index.php\/wp-json\/wp\/v2\/comments?post=1551"}],"version-history":[{"count":15,"href":"https:\/\/autogarrigues.com\/index.php\/wp-json\/wp\/v2\/pages\/1551\/revisions"}],"predecessor-version":[{"id":1735,"href":"https:\/\/autogarrigues.com\/index.php\/wp-json\/wp\/v2\/pages\/1551\/revisions\/1735"}],"wp:attachment":[{"href":"https:\/\/autogarrigues.com\/index.php\/wp-json\/wp\/v2\/media?parent=1551"}],"curies":[{"name":"wp","href":"https:\/\/api.w.org\/{rel}","templated":true}]}}